{"id":13907,"date":"2024-08-08T07:47:15","date_gmt":"2024-08-08T07:47:15","guid":{"rendered":"https:\/\/kilivikings.com\/ausgezeichneter-leitfaden\/"},"modified":"2026-01-09T07:46:21","modified_gmt":"2026-01-09T07:46:21","slug":"ausgezeichneter-leitfaden","status":"publish","type":"page","link":"https:\/\/kilivikings.com\/de\/ausgezeichneter-leitfaden\/","title":{"rendered":"Ausgezeichneter Leitfaden"},"content":{"rendered":"\t\t<div data-elementor-type=\"wp-page\" data-elementor-id=\"13907\" class=\"elementor elementor-13907 elementor-9715\" data-elementor-post-type=\"page\">\n\t\t\t\t<div class=\"elementor-element elementor-element-3ddf4d6 e-flex e-con-boxed e-con e-parent\" data-id=\"3ddf4d6\" data-element_type=\"container\" data-e-type=\"container\" data-settings=\"{&quot;background_background&quot;:&quot;classic&quot;}\">\n\t\t\t\t\t<div class=\"e-con-inner\">\n\t\t\t\t<div class=\"elementor-element elementor-element-dfcc37e elementor-widget elementor-widget-heading\" data-id=\"dfcc37e\" data-element_type=\"widget\" data-e-type=\"widget\" data-widget_type=\"heading.default\">\n\t\t\t\t<div class=\"elementor-widget-container\">\n\t\t\t\t\t<h2 class=\"elementor-heading-title elementor-size-default\">Zeugnis<\/h2>\t\t\t\t<\/div>\n\t\t\t\t<\/div>\n\t\t\t\t<div class=\"elementor-element elementor-element-a061628 elementor-widget__width-initial elementor-widget elementor-widget-heading\" data-id=\"a061628\" data-element_type=\"widget\" data-e-type=\"widget\" data-widget_type=\"heading.default\">\n\t\t\t\t<div class=\"elementor-widget-container\">\n\t\t\t\t\t<h1 class=\"elementor-heading-title elementor-size-default\">Ausgezeichneter Leitfaden<\/h1>\t\t\t\t<\/div>\n\t\t\t\t<\/div>\n\t\t\t\t\t<\/div>\n\t\t\t\t<\/div>\n\t\t<div class=\"elementor-element elementor-element-eac2e97 e-flex e-con-boxed e-con e-parent\" data-id=\"eac2e97\" data-element_type=\"container\" data-e-type=\"container\">\n\t\t\t\t\t<div class=\"e-con-inner\">\n\t\t\t\t<div class=\"elementor-element elementor-element-16a3e1c elementor-widget elementor-widget-text-editor\" data-id=\"16a3e1c\" data-element_type=\"widget\" data-e-type=\"widget\" data-widget_type=\"text-editor.default\">\n\t\t\t\t<div class=\"elementor-widget-container\">\n\t\t\t\t\t\t\t\t\t<p>Ich habe den Kilimandscharo mit Charlie als F\u00fchrer bestiegen. Ich war ein Einzelreisender in einer kleinen Gruppe und Charlie hat sich wirklich um mich und den Rest der Gruppe gek\u00fcmmert. Er ist ein sehr sachkundiger F\u00fchrer und liebt seinen Job offensichtlich! Er ist sehr freundlich und umg\u00e4nglich und hat mir sofort das Gef\u00fchl gegeben, dass ich mich wohl f\u00fchle und mich entspannen kann. Er war sehr ermutigend, als das Klettern etwas schwieriger wurde und sorgte daf\u00fcr, dass wir alle als Gruppe zusammenhielten.    <\/p>\n\t\t\t\t\t\t\t\t<\/div>\n\t\t\t\t<\/div>\n\t\t\t\t\t<\/div>\n\t\t\t\t<\/div>\n\t\t<div class=\"elementor-element elementor-element-17074c2 e-con-full e-flex e-con e-parent\" data-id=\"17074c2\" data-element_type=\"container\" data-e-type=\"container\">\n\t\t\t\t<div class=\"elementor-element elementor-element-4ada980 elementor-widget elementor-widget-shortcode\" data-id=\"4ada980\" data-element_type=\"widget\" data-e-type=\"widget\" data-widget_type=\"shortcode.default\">\n\t\t\t\t<div class=\"elementor-widget-container\">\n\t\t\t\t\t\t\t<div class=\"elementor-shortcode\"><\/div>\n\t\t\t\t\t\t<\/div>\n\t\t\t\t<\/div>\n\t\t\t\t<\/div>\n\t\t\t\t<\/div>\n\t\t","protected":false},"excerpt":{"rendered":"<p>Zeugnis Ausgezeichneter Leitfaden Ich habe den Kilimandscharo mit Charlie als F\u00fchrer bestiegen. Ich war ein Einzelreisender in einer kleinen Gruppe und Charlie hat sich wirklich um mich und den Rest der Gruppe gek\u00fcmmert. Er ist ein sehr sachkundiger F\u00fchrer und [&hellip;]<\/p>\n","protected":false},"author":1,"featured_media":0,"parent":0,"menu_order":0,"comment_status":"closed","ping_status":"closed","template":"elementor_header_footer","meta":{"jetpack_post_was_ever_published":false,"footnotes":""},"class_list":["post-13907","page","type-page","status-publish","hentry"],"yoast_head":"<!-- This site is optimized with the Yoast SEO plugin v27.3 - https:\/\/yoast.com\/product\/yoast-seo-wordpress\/ -->\n<title>Ausgezeichneter Leitfaden - Kilivikings<\/title>\n<meta name=\"description\" content=\"Erfahrungsbericht zur Kilimandscharo-Besteigung mit Charlie: kompetenter, freundlicher Guide, perfekte Betreuung f\u00fcr Einzelreisende in der Gruppe.\" \/>\n<meta name=\"robots\" content=\"index, follow, max-snippet:-1, max-image-preview:large, max-video-preview:-1\" \/>\n<link rel=\"canonical\" href=\"https:\/\/kilivikings.com\/de\/ausgezeichneter-leitfaden\/\" \/>\n<meta property=\"og:locale\" content=\"de_DE\" \/>\n<meta property=\"og:type\" content=\"article\" \/>\n<meta property=\"og:title\" content=\"Ausgezeichneter Leitfaden - Kilivikings\" \/>\n<meta property=\"og:description\" content=\"Erfahrungsbericht zur Kilimandscharo-Besteigung mit Charlie: kompetenter, freundlicher Guide, perfekte Betreuung f\u00fcr Einzelreisende in der Gruppe.\" \/>\n<meta property=\"og:url\" content=\"https:\/\/kilivikings.com\/de\/ausgezeichneter-leitfaden\/\" \/>\n<meta property=\"og:site_name\" content=\"Kilivikings\" \/>\n<meta property=\"article:publisher\" content=\"https:\/\/www.facebook.com\/KilimanjaroVikings\" \/>\n<meta property=\"article:modified_time\" content=\"2026-01-09T07:46:21+00:00\" \/>\n<meta name=\"twitter:card\" content=\"summary_large_image\" \/>\n<meta name=\"twitter:site\" content=\"@kilivikings\" \/>\n<script type=\"application\/ld+json\" class=\"yoast-schema-graph\">{\"@context\":\"https:\\\/\\\/schema.org\",\"@graph\":[{\"@type\":\"WebPage\",\"@id\":\"https:\\\/\\\/kilivikings.com\\\/de\\\/ausgezeichneter-leitfaden\\\/\",\"url\":\"https:\\\/\\\/kilivikings.com\\\/de\\\/ausgezeichneter-leitfaden\\\/\",\"name\":\"Ausgezeichneter Leitfaden - Kilivikings\",\"isPartOf\":{\"@id\":\"https:\\\/\\\/kilivikings.com\\\/#website\"},\"datePublished\":\"2024-08-08T07:47:15+00:00\",\"dateModified\":\"2026-01-09T07:46:21+00:00\",\"description\":\"Erfahrungsbericht zur Kilimandscharo-Besteigung mit Charlie: kompetenter, freundlicher Guide, perfekte Betreuung f\u00fcr Einzelreisende in der Gruppe.\",\"breadcrumb\":{\"@id\":\"https:\\\/\\\/kilivikings.com\\\/de\\\/ausgezeichneter-leitfaden\\\/#breadcrumb\"},\"inLanguage\":\"de\",\"potentialAction\":[{\"@type\":\"ReadAction\",\"target\":[\"https:\\\/\\\/kilivikings.com\\\/de\\\/ausgezeichneter-leitfaden\\\/\"]}]},{\"@type\":\"BreadcrumbList\",\"@id\":\"https:\\\/\\\/kilivikings.com\\\/de\\\/ausgezeichneter-leitfaden\\\/#breadcrumb\",\"itemListElement\":[{\"@type\":\"ListItem\",\"position\":1,\"name\":\"Home\",\"item\":\"https:\\\/\\\/kilivikings.com\\\/de\\\/startseite\\\/\"},{\"@type\":\"ListItem\",\"position\":2,\"name\":\"Ausgezeichneter Leitfaden\"}]},{\"@type\":\"WebSite\",\"@id\":\"https:\\\/\\\/kilivikings.com\\\/#website\",\"url\":\"https:\\\/\\\/kilivikings.com\\\/\",\"name\":\"Kilivikings\",\"description\":\"My WordPress Blog\",\"publisher\":{\"@id\":\"https:\\\/\\\/kilivikings.com\\\/#organization\"},\"potentialAction\":[{\"@type\":\"SearchAction\",\"target\":{\"@type\":\"EntryPoint\",\"urlTemplate\":\"https:\\\/\\\/kilivikings.com\\\/?s={search_term_string}\"},\"query-input\":{\"@type\":\"PropertyValueSpecification\",\"valueRequired\":true,\"valueName\":\"search_term_string\"}}],\"inLanguage\":\"de\"},{\"@type\":\"Organization\",\"@id\":\"https:\\\/\\\/kilivikings.com\\\/#organization\",\"name\":\"Kilivikings\",\"url\":\"https:\\\/\\\/kilivikings.com\\\/\",\"logo\":{\"@type\":\"ImageObject\",\"inLanguage\":\"de\",\"@id\":\"https:\\\/\\\/kilivikings.com\\\/#\\\/schema\\\/logo\\\/image\\\/\",\"url\":\"https:\\\/\\\/kilivikings.com\\\/wp-content\\\/uploads\\\/2025\\\/12\\\/logo-1.png\",\"contentUrl\":\"https:\\\/\\\/kilivikings.com\\\/wp-content\\\/uploads\\\/2025\\\/12\\\/logo-1.png\",\"width\":110,\"height\":108,\"caption\":\"Kilivikings\"},\"image\":{\"@id\":\"https:\\\/\\\/kilivikings.com\\\/#\\\/schema\\\/logo\\\/image\\\/\"},\"sameAs\":[\"https:\\\/\\\/www.facebook.com\\\/KilimanjaroVikings\",\"https:\\\/\\\/x.com\\\/kilivikings\",\"https:\\\/\\\/www.instagram.com\\\/kilimanjaro_vikings\\\/\",\"https:\\\/\\\/www.linkedin.com\\\/company\\\/kilimanjaro-vikings-limited\"]}]}<\/script>\n<!-- \/ Yoast SEO plugin. -->","yoast_head_json":{"title":"Ausgezeichneter Leitfaden - Kilivikings","description":"Erfahrungsbericht zur Kilimandscharo-Besteigung mit Charlie: kompetenter, freundlicher Guide, perfekte Betreuung f\u00fcr Einzelreisende in der Gruppe.","robots":{"index":"index","follow":"follow","max-snippet":"max-snippet:-1","max-image-preview":"max-image-preview:large","max-video-preview":"max-video-preview:-1"},"canonical":"https:\/\/kilivikings.com\/de\/ausgezeichneter-leitfaden\/","og_locale":"de_DE","og_type":"article","og_title":"Ausgezeichneter Leitfaden - Kilivikings","og_description":"Erfahrungsbericht zur Kilimandscharo-Besteigung mit Charlie: kompetenter, freundlicher Guide, perfekte Betreuung f\u00fcr Einzelreisende in der Gruppe.","og_url":"https:\/\/kilivikings.com\/de\/ausgezeichneter-leitfaden\/","og_site_name":"Kilivikings","article_publisher":"https:\/\/www.facebook.com\/KilimanjaroVikings","article_modified_time":"2026-01-09T07:46:21+00:00","twitter_card":"summary_large_image","twitter_site":"@kilivikings","schema":{"@context":"https:\/\/schema.org","@graph":[{"@type":"WebPage","@id":"https:\/\/kilivikings.com\/de\/ausgezeichneter-leitfaden\/","url":"https:\/\/kilivikings.com\/de\/ausgezeichneter-leitfaden\/","name":"Ausgezeichneter Leitfaden - Kilivikings","isPartOf":{"@id":"https:\/\/kilivikings.com\/#website"},"datePublished":"2024-08-08T07:47:15+00:00","dateModified":"2026-01-09T07:46:21+00:00","description":"Erfahrungsbericht zur Kilimandscharo-Besteigung mit Charlie: kompetenter, freundlicher Guide, perfekte Betreuung f\u00fcr Einzelreisende in der Gruppe.","breadcrumb":{"@id":"https:\/\/kilivikings.com\/de\/ausgezeichneter-leitfaden\/#breadcrumb"},"inLanguage":"de","potentialAction":[{"@type":"ReadAction","target":["https:\/\/kilivikings.com\/de\/ausgezeichneter-leitfaden\/"]}]},{"@type":"BreadcrumbList","@id":"https:\/\/kilivikings.com\/de\/ausgezeichneter-leitfaden\/#breadcrumb","itemListElement":[{"@type":"ListItem","position":1,"name":"Home","item":"https:\/\/kilivikings.com\/de\/startseite\/"},{"@type":"ListItem","position":2,"name":"Ausgezeichneter Leitfaden"}]},{"@type":"WebSite","@id":"https:\/\/kilivikings.com\/#website","url":"https:\/\/kilivikings.com\/","name":"Kilivikings","description":"My WordPress Blog","publisher":{"@id":"https:\/\/kilivikings.com\/#organization"},"potentialAction":[{"@type":"SearchAction","target":{"@type":"EntryPoint","urlTemplate":"https:\/\/kilivikings.com\/?s={search_term_string}"},"query-input":{"@type":"PropertyValueSpecification","valueRequired":true,"valueName":"search_term_string"}}],"inLanguage":"de"},{"@type":"Organization","@id":"https:\/\/kilivikings.com\/#organization","name":"Kilivikings","url":"https:\/\/kilivikings.com\/","logo":{"@type":"ImageObject","inLanguage":"de","@id":"https:\/\/kilivikings.com\/#\/schema\/logo\/image\/","url":"https:\/\/kilivikings.com\/wp-content\/uploads\/2025\/12\/logo-1.png","contentUrl":"https:\/\/kilivikings.com\/wp-content\/uploads\/2025\/12\/logo-1.png","width":110,"height":108,"caption":"Kilivikings"},"image":{"@id":"https:\/\/kilivikings.com\/#\/schema\/logo\/image\/"},"sameAs":["https:\/\/www.facebook.com\/KilimanjaroVikings","https:\/\/x.com\/kilivikings","https:\/\/www.instagram.com\/kilimanjaro_vikings\/","https:\/\/www.linkedin.com\/company\/kilimanjaro-vikings-limited"]}]}},"jetpack_shortlink":"https:\/\/wp.me\/PgfkU3-3Cj","jetpack-related-posts":[],"jetpack_sharing_enabled":true,"jetpack_likes_enabled":true,"_links":{"self":[{"href":"https:\/\/kilivikings.com\/de\/wp-json\/wp\/v2\/pages\/13907","targetHints":{"allow":["GET"]}}],"collection":[{"href":"https:\/\/kilivikings.com\/de\/wp-json\/wp\/v2\/pages"}],"about":[{"href":"https:\/\/kilivikings.com\/de\/wp-json\/wp\/v2\/types\/page"}],"author":[{"embeddable":true,"href":"https:\/\/kilivikings.com\/de\/wp-json\/wp\/v2\/users\/1"}],"replies":[{"embeddable":true,"href":"https:\/\/kilivikings.com\/de\/wp-json\/wp\/v2\/comments?post=13907"}],"version-history":[{"count":0,"href":"https:\/\/kilivikings.com\/de\/wp-json\/wp\/v2\/pages\/13907\/revisions"}],"wp:attachment":[{"href":"https:\/\/kilivikings.com\/de\/wp-json\/wp\/v2\/media?parent=13907"}],"curies":[{"name":"wp","href":"https:\/\/api.w.org\/{rel}","templated":true}]}}