{"id":13919,"date":"2024-08-07T12:12:48","date_gmt":"2024-08-07T12:12:48","guid":{"rendered":"https:\/\/kilivikings.com\/eine-gute-wahl-fuer-eine-lebenslange-erfahrung\/"},"modified":"2026-02-23T14:37:32","modified_gmt":"2026-02-23T14:37:32","slug":"eine-gute-wahl-fuer-eine-lebenslange-erfahrung","status":"publish","type":"page","link":"https:\/\/kilivikings.com\/de\/eine-gute-wahl-fuer-eine-lebenslange-erfahrung\/","title":{"rendered":"Eine gute Wahl f\u00fcr eine lebenslange Erfahrung!!"},"content":{"rendered":"\t\t<div data-elementor-type=\"wp-page\" data-elementor-id=\"13919\" class=\"elementor elementor-13919 elementor-9428\" data-elementor-post-type=\"page\">\n\t\t\t\t<div class=\"elementor-element elementor-element-3ddf4d6 e-flex e-con-boxed e-con e-parent\" data-id=\"3ddf4d6\" data-element_type=\"container\" data-e-type=\"container\" data-settings=\"{&quot;background_background&quot;:&quot;classic&quot;,&quot;grandtour_ext_is_background_parallax&quot;:&quot;false&quot;,&quot;grandtour_ext_is_background_backdrop&quot;:&quot;false&quot;,&quot;grandtour_ext_is_background_on_scroll&quot;:&quot;false&quot;,&quot;grandtour_ext_link_sidemenu&quot;:&quot;false&quot;,&quot;grandtour_ext_link_fullmenu&quot;:&quot;false&quot;,&quot;grandtour_ext_link_closed_fullmenu&quot;:&quot;false&quot;,&quot;grandtour_ext_is_sticky&quot;:&quot;false&quot;,&quot;grandtour_ext_is_scrollme&quot;:&quot;false&quot;,&quot;grandtour_ext_is_smoove&quot;:&quot;false&quot;,&quot;grandtour_ext_is_parallax_mouse&quot;:&quot;false&quot;,&quot;grandtour_ext_is_infinite&quot;:&quot;false&quot;,&quot;grandtour_ext_is_fadeout_animation&quot;:&quot;false&quot;,&quot;grandtour_ext_mobile_static&quot;:&quot;false&quot;}\">\n\t\t\t\t\t<div class=\"e-con-inner\">\n\t\t\t\t<div class=\"elementor-element elementor-element-dfcc37e elementor-widget elementor-widget-heading\" data-id=\"dfcc37e\" data-element_type=\"widget\" data-e-type=\"widget\" data-settings=\"{&quot;grandtour_ext_link_sidemenu&quot;:&quot;false&quot;,&quot;grandtour_ext_link_fullmenu&quot;:&quot;false&quot;,&quot;grandtour_ext_link_closed_fullmenu&quot;:&quot;false&quot;,&quot;grandtour_ext_is_sticky&quot;:&quot;false&quot;,&quot;grandtour_ext_is_scrollme&quot;:&quot;false&quot;,&quot;grandtour_ext_is_smoove&quot;:&quot;false&quot;,&quot;grandtour_ext_is_parallax_mouse&quot;:&quot;false&quot;,&quot;grandtour_ext_is_infinite&quot;:&quot;false&quot;,&quot;grandtour_ext_is_fadeout_animation&quot;:&quot;false&quot;,&quot;grandtour_ext_mobile_static&quot;:&quot;false&quot;}\" data-widget_type=\"heading.default\">\n\t\t\t\t<div class=\"elementor-widget-container\">\n\t\t\t\t\t<h2 class=\"elementor-heading-title elementor-size-default\">Zeugnis<\/h2>\t\t\t\t<\/div>\n\t\t\t\t<\/div>\n\t\t\t\t<div class=\"elementor-element elementor-element-a061628 elementor-widget__width-initial elementor-widget elementor-widget-heading\" data-id=\"a061628\" data-element_type=\"widget\" data-e-type=\"widget\" data-settings=\"{&quot;grandtour_ext_is_smoove&quot;:&quot;true&quot;,&quot;grandtour_ext_smoove_duration&quot;:800,&quot;grandtour_ext_smoove_scalex&quot;:{&quot;unit&quot;:&quot;px&quot;,&quot;size&quot;:1.2,&quot;sizes&quot;:[]},&quot;grandtour_ext_smoove_scaley&quot;:{&quot;unit&quot;:&quot;px&quot;,&quot;size&quot;:1.2,&quot;sizes&quot;:[]},&quot;grandtour_ext_link_sidemenu&quot;:&quot;false&quot;,&quot;grandtour_ext_link_fullmenu&quot;:&quot;false&quot;,&quot;grandtour_ext_link_closed_fullmenu&quot;:&quot;false&quot;,&quot;grandtour_ext_is_sticky&quot;:&quot;false&quot;,&quot;grandtour_ext_is_scrollme&quot;:&quot;false&quot;,&quot;grandtour_ext_smoove_disable&quot;:1,&quot;grandtour_ext_smoove_rotatex&quot;:{&quot;unit&quot;:&quot;px&quot;,&quot;size&quot;:0,&quot;sizes&quot;:[]},&quot;grandtour_ext_smoove_rotatey&quot;:{&quot;unit&quot;:&quot;px&quot;,&quot;size&quot;:0,&quot;sizes&quot;:[]},&quot;grandtour_ext_smoove_rotatez&quot;:{&quot;unit&quot;:&quot;px&quot;,&quot;size&quot;:0,&quot;sizes&quot;:[]},&quot;grandtour_ext_smoove_translatex&quot;:{&quot;unit&quot;:&quot;px&quot;,&quot;size&quot;:0,&quot;sizes&quot;:[]},&quot;grandtour_ext_smoove_translatey&quot;:{&quot;unit&quot;:&quot;px&quot;,&quot;size&quot;:0,&quot;sizes&quot;:[]},&quot;grandtour_ext_smoove_translatez&quot;:{&quot;unit&quot;:&quot;px&quot;,&quot;size&quot;:0,&quot;sizes&quot;:[]},&quot;grandtour_ext_smoove_skewx&quot;:{&quot;unit&quot;:&quot;px&quot;,&quot;size&quot;:0,&quot;sizes&quot;:[]},&quot;grandtour_ext_smoove_skewy&quot;:{&quot;unit&quot;:&quot;px&quot;,&quot;size&quot;:0,&quot;sizes&quot;:[]},&quot;grandtour_ext_smoove_transform_originx&quot;:{&quot;unit&quot;:&quot;px&quot;,&quot;size&quot;:50,&quot;sizes&quot;:[]},&quot;grandtour_ext_smoove_transform_originy&quot;:{&quot;unit&quot;:&quot;px&quot;,&quot;size&quot;:50,&quot;sizes&quot;:[]},&quot;grandtour_ext_smoove_perspective&quot;:{&quot;unit&quot;:&quot;px&quot;,&quot;size&quot;:1000,&quot;sizes&quot;:[]},&quot;grandtour_ext_is_parallax_mouse&quot;:&quot;false&quot;,&quot;grandtour_ext_is_infinite&quot;:&quot;false&quot;,&quot;grandtour_ext_is_fadeout_animation&quot;:&quot;false&quot;,&quot;grandtour_ext_mobile_static&quot;:&quot;false&quot;}\" data-widget_type=\"heading.default\">\n\t\t\t\t<div class=\"elementor-widget-container\">\n\t\t\t\t\t<h1 class=\"elementor-heading-title elementor-size-default\">Eine gute Wahl f\u00fcr eine lebenslange Erfahrung!!<\/h1>\t\t\t\t<\/div>\n\t\t\t\t<\/div>\n\t\t\t\t\t<\/div>\n\t\t\t\t<\/div>\n\t\t<div class=\"elementor-element elementor-element-eac2e97 e-flex e-con-boxed e-con e-parent\" data-id=\"eac2e97\" data-element_type=\"container\" data-e-type=\"container\" data-settings=\"{&quot;grandtour_ext_is_background_parallax&quot;:&quot;false&quot;,&quot;grandtour_ext_is_background_backdrop&quot;:&quot;false&quot;,&quot;grandtour_ext_is_background_on_scroll&quot;:&quot;false&quot;,&quot;grandtour_ext_link_sidemenu&quot;:&quot;false&quot;,&quot;grandtour_ext_link_fullmenu&quot;:&quot;false&quot;,&quot;grandtour_ext_link_closed_fullmenu&quot;:&quot;false&quot;,&quot;grandtour_ext_is_sticky&quot;:&quot;false&quot;,&quot;grandtour_ext_is_scrollme&quot;:&quot;false&quot;,&quot;grandtour_ext_is_smoove&quot;:&quot;false&quot;,&quot;grandtour_ext_is_parallax_mouse&quot;:&quot;false&quot;,&quot;grandtour_ext_is_infinite&quot;:&quot;false&quot;,&quot;grandtour_ext_is_fadeout_animation&quot;:&quot;false&quot;,&quot;grandtour_ext_mobile_static&quot;:&quot;false&quot;}\">\n\t\t\t\t\t<div class=\"e-con-inner\">\n\t\t\t\t<div class=\"elementor-element elementor-element-16a3e1c elementor-widget elementor-widget-text-editor\" data-id=\"16a3e1c\" data-element_type=\"widget\" data-e-type=\"widget\" data-settings=\"{&quot;grandtour_ext_link_sidemenu&quot;:&quot;false&quot;,&quot;grandtour_ext_link_fullmenu&quot;:&quot;false&quot;,&quot;grandtour_ext_link_closed_fullmenu&quot;:&quot;false&quot;,&quot;grandtour_ext_is_sticky&quot;:&quot;false&quot;,&quot;grandtour_ext_is_scrollme&quot;:&quot;false&quot;,&quot;grandtour_ext_is_smoove&quot;:&quot;false&quot;,&quot;grandtour_ext_is_parallax_mouse&quot;:&quot;false&quot;,&quot;grandtour_ext_is_infinite&quot;:&quot;false&quot;,&quot;grandtour_ext_is_fadeout_animation&quot;:&quot;false&quot;,&quot;grandtour_ext_mobile_static&quot;:&quot;false&quot;}\" data-widget_type=\"text-editor.default\">\n\t\t\t\t<div class=\"elementor-widget-container\">\n\t\t\t\t\t\t\t\t\t<p>Dieser Reiseveranstalter kann Ihnen w\u00e4hrend der Tour sicheres und gutes Essen bieten.<\/p><p>Wir haben uns f\u00fcr eine 3-t\u00e4gige Tour zum Ngorongoro und in die Serengeti angemeldet und auf dem Campingplatz \u00fcbernachtet. Die Kosten betrugen jeweils $800 inklusive aller notwendigen Dinge f\u00fcr eine Safari, da unsere Gruppe aus 3 Personen bestand. <\/p><p>Ich denke, 3 Tage f\u00fcr diese beiden Nationalparks sind ausreichend. Denjenigen, die sich fragen, wohin sie gehen sollen, empfehle ich dringend Ngorongoro und Serengeti. <\/p><p>Auch bei der Tour ist das Wichtigste der Reiseleiter und das Essen. In diesen beiden Punkten konnte uns dieses Unternehmen sehr gut zufriedenstellen. Es lohnt sich, den Betrag zu zahlen, damit die Tour entspannt und sicher ist.  <\/p>\t\t\t\t\t\t\t\t<\/div>\n\t\t\t\t<\/div>\n\t\t\t\t\t<\/div>\n\t\t\t\t<\/div>\n\t\t<div class=\"elementor-element elementor-element-17074c2 e-con-full e-flex e-con e-parent\" data-id=\"17074c2\" data-element_type=\"container\" data-e-type=\"container\" data-settings=\"{&quot;grandtour_ext_is_background_parallax&quot;:&quot;false&quot;,&quot;grandtour_ext_is_background_backdrop&quot;:&quot;false&quot;,&quot;grandtour_ext_is_background_on_scroll&quot;:&quot;false&quot;,&quot;grandtour_ext_link_sidemenu&quot;:&quot;false&quot;,&quot;grandtour_ext_link_fullmenu&quot;:&quot;false&quot;,&quot;grandtour_ext_link_closed_fullmenu&quot;:&quot;false&quot;,&quot;grandtour_ext_is_sticky&quot;:&quot;false&quot;,&quot;grandtour_ext_is_scrollme&quot;:&quot;false&quot;,&quot;grandtour_ext_is_smoove&quot;:&quot;false&quot;,&quot;grandtour_ext_is_parallax_mouse&quot;:&quot;false&quot;,&quot;grandtour_ext_is_infinite&quot;:&quot;false&quot;,&quot;grandtour_ext_is_fadeout_animation&quot;:&quot;false&quot;,&quot;grandtour_ext_mobile_static&quot;:&quot;false&quot;}\">\n\t\t\t\t<div class=\"elementor-element elementor-element-4ada980 elementor-widget elementor-widget-shortcode\" data-id=\"4ada980\" data-element_type=\"widget\" data-e-type=\"widget\" data-settings=\"{&quot;grandtour_ext_link_sidemenu&quot;:&quot;false&quot;,&quot;grandtour_ext_link_fullmenu&quot;:&quot;false&quot;,&quot;grandtour_ext_link_closed_fullmenu&quot;:&quot;false&quot;,&quot;grandtour_ext_is_sticky&quot;:&quot;false&quot;,&quot;grandtour_ext_is_scrollme&quot;:&quot;false&quot;,&quot;grandtour_ext_is_smoove&quot;:&quot;false&quot;,&quot;grandtour_ext_is_parallax_mouse&quot;:&quot;false&quot;,&quot;grandtour_ext_is_infinite&quot;:&quot;false&quot;,&quot;grandtour_ext_is_fadeout_animation&quot;:&quot;false&quot;,&quot;grandtour_ext_mobile_static&quot;:&quot;false&quot;}\" data-widget_type=\"shortcode.default\">\n\t\t\t\t<div class=\"elementor-widget-container\">\n\t\t\t\t\t\t\t<div class=\"elementor-shortcode\"><\/div>\n\t\t\t\t\t\t<\/div>\n\t\t\t\t<\/div>\n\t\t\t\t<\/div>\n\t\t\t\t<\/div>\n\t\t","protected":false},"excerpt":{"rendered":"<p>Zeugnis Eine gute Wahl f\u00fcr eine lebenslange Erfahrung!! Dieser Reiseveranstalter kann Ihnen w\u00e4hrend der Tour sicheres und gutes Essen bieten. Wir haben uns f\u00fcr eine 3-t\u00e4gige Tour zum Ngorongoro und in die Serengeti angemeldet und auf dem Campingplatz \u00fcbernachtet. Die [&hellip;]<\/p>\n","protected":false},"author":1,"featured_media":0,"parent":0,"menu_order":0,"comment_status":"closed","ping_status":"closed","template":"elementor_header_footer","meta":{"_crdt_document":"","jetpack_post_was_ever_published":false,"footnotes":""},"class_list":["post-13919","page","type-page","status-publish","hentry"],"yoast_head":"<!-- This site is optimized with the Yoast SEO plugin v27.3 - https:\/\/yoast.com\/product\/yoast-seo-wordpress\/ -->\n<title>Eine gute Wahl f\u00fcr eine lebenslange Erfahrung!! - Kilivikings<\/title>\n<meta name=\"description\" content=\"W\u00e4hlen Sie einen vertrauensw\u00fcrdigen Kilimanjaro-Reiseveranstalter f\u00fcr eine einmalige Besteigung. Sichere Routen, fachkundige F\u00fchrung und ein unvergessliches Bergabenteuer.\" \/>\n<meta name=\"robots\" content=\"index, follow, max-snippet:-1, max-image-preview:large, max-video-preview:-1\" \/>\n<link rel=\"canonical\" href=\"https:\/\/kilivikings.com\/de\/eine-gute-wahl-fuer-eine-lebenslange-erfahrung\/\" \/>\n<meta property=\"og:locale\" content=\"de_DE\" \/>\n<meta property=\"og:type\" content=\"article\" \/>\n<meta property=\"og:title\" content=\"Eine gute Wahl f\u00fcr eine lebenslange Erfahrung!! - Kilivikings\" \/>\n<meta property=\"og:description\" content=\"W\u00e4hlen Sie einen vertrauensw\u00fcrdigen Kilimanjaro-Reiseveranstalter f\u00fcr eine einmalige Besteigung. Sichere Routen, fachkundige F\u00fchrung und ein unvergessliches Bergabenteuer.\" \/>\n<meta property=\"og:url\" content=\"https:\/\/kilivikings.com\/de\/eine-gute-wahl-fuer-eine-lebenslange-erfahrung\/\" \/>\n<meta property=\"og:site_name\" content=\"Kilivikings\" \/>\n<meta property=\"article:publisher\" content=\"https:\/\/www.facebook.com\/KilimanjaroVikings\" \/>\n<meta property=\"article:modified_time\" content=\"2026-02-23T14:37:32+00:00\" \/>\n<meta name=\"twitter:card\" content=\"summary_large_image\" \/>\n<meta name=\"twitter:site\" content=\"@kilivikings\" \/>\n<script type=\"application\/ld+json\" class=\"yoast-schema-graph\">{\"@context\":\"https:\\\/\\\/schema.org\",\"@graph\":[{\"@type\":\"WebPage\",\"@id\":\"https:\\\/\\\/kilivikings.com\\\/de\\\/eine-gute-wahl-fuer-eine-lebenslange-erfahrung\\\/\",\"url\":\"https:\\\/\\\/kilivikings.com\\\/de\\\/eine-gute-wahl-fuer-eine-lebenslange-erfahrung\\\/\",\"name\":\"Eine gute Wahl f\u00fcr eine lebenslange Erfahrung!! - Kilivikings\",\"isPartOf\":{\"@id\":\"https:\\\/\\\/kilivikings.com\\\/#website\"},\"datePublished\":\"2024-08-07T12:12:48+00:00\",\"dateModified\":\"2026-02-23T14:37:32+00:00\",\"description\":\"W\u00e4hlen Sie einen vertrauensw\u00fcrdigen Kilimanjaro-Reiseveranstalter f\u00fcr eine einmalige Besteigung. Sichere Routen, fachkundige F\u00fchrung und ein unvergessliches Bergabenteuer.\",\"breadcrumb\":{\"@id\":\"https:\\\/\\\/kilivikings.com\\\/de\\\/eine-gute-wahl-fuer-eine-lebenslange-erfahrung\\\/#breadcrumb\"},\"inLanguage\":\"de\",\"potentialAction\":[{\"@type\":\"ReadAction\",\"target\":[\"https:\\\/\\\/kilivikings.com\\\/de\\\/eine-gute-wahl-fuer-eine-lebenslange-erfahrung\\\/\"]}]},{\"@type\":\"BreadcrumbList\",\"@id\":\"https:\\\/\\\/kilivikings.com\\\/de\\\/eine-gute-wahl-fuer-eine-lebenslange-erfahrung\\\/#breadcrumb\",\"itemListElement\":[{\"@type\":\"ListItem\",\"position\":1,\"name\":\"Home\",\"item\":\"https:\\\/\\\/kilivikings.com\\\/de\\\/startseite\\\/\"},{\"@type\":\"ListItem\",\"position\":2,\"name\":\"Eine gute Wahl f\u00fcr eine lebenslange Erfahrung!!\"}]},{\"@type\":\"WebSite\",\"@id\":\"https:\\\/\\\/kilivikings.com\\\/#website\",\"url\":\"https:\\\/\\\/kilivikings.com\\\/\",\"name\":\"Kilivikings\",\"description\":\"My WordPress Blog\",\"publisher\":{\"@id\":\"https:\\\/\\\/kilivikings.com\\\/#organization\"},\"potentialAction\":[{\"@type\":\"SearchAction\",\"target\":{\"@type\":\"EntryPoint\",\"urlTemplate\":\"https:\\\/\\\/kilivikings.com\\\/?s={search_term_string}\"},\"query-input\":{\"@type\":\"PropertyValueSpecification\",\"valueRequired\":true,\"valueName\":\"search_term_string\"}}],\"inLanguage\":\"de\"},{\"@type\":\"Organization\",\"@id\":\"https:\\\/\\\/kilivikings.com\\\/#organization\",\"name\":\"Kilivikings\",\"url\":\"https:\\\/\\\/kilivikings.com\\\/\",\"logo\":{\"@type\":\"ImageObject\",\"inLanguage\":\"de\",\"@id\":\"https:\\\/\\\/kilivikings.com\\\/#\\\/schema\\\/logo\\\/image\\\/\",\"url\":\"https:\\\/\\\/kilivikings.com\\\/wp-content\\\/uploads\\\/2025\\\/12\\\/logo-1.png\",\"contentUrl\":\"https:\\\/\\\/kilivikings.com\\\/wp-content\\\/uploads\\\/2025\\\/12\\\/logo-1.png\",\"width\":110,\"height\":108,\"caption\":\"Kilivikings\"},\"image\":{\"@id\":\"https:\\\/\\\/kilivikings.com\\\/#\\\/schema\\\/logo\\\/image\\\/\"},\"sameAs\":[\"https:\\\/\\\/www.facebook.com\\\/KilimanjaroVikings\",\"https:\\\/\\\/x.com\\\/kilivikings\",\"https:\\\/\\\/www.instagram.com\\\/kilimanjaro_vikings\\\/\",\"https:\\\/\\\/www.linkedin.com\\\/company\\\/kilimanjaro-vikings-limited\"]}]}<\/script>\n<!-- \/ Yoast SEO plugin. -->","yoast_head_json":{"title":"Eine gute Wahl f\u00fcr eine lebenslange Erfahrung!! - Kilivikings","description":"W\u00e4hlen Sie einen vertrauensw\u00fcrdigen Kilimanjaro-Reiseveranstalter f\u00fcr eine einmalige Besteigung. Sichere Routen, fachkundige F\u00fchrung und ein unvergessliches Bergabenteuer.","robots":{"index":"index","follow":"follow","max-snippet":"max-snippet:-1","max-image-preview":"max-image-preview:large","max-video-preview":"max-video-preview:-1"},"canonical":"https:\/\/kilivikings.com\/de\/eine-gute-wahl-fuer-eine-lebenslange-erfahrung\/","og_locale":"de_DE","og_type":"article","og_title":"Eine gute Wahl f\u00fcr eine lebenslange Erfahrung!! - Kilivikings","og_description":"W\u00e4hlen Sie einen vertrauensw\u00fcrdigen Kilimanjaro-Reiseveranstalter f\u00fcr eine einmalige Besteigung. Sichere Routen, fachkundige F\u00fchrung und ein unvergessliches Bergabenteuer.","og_url":"https:\/\/kilivikings.com\/de\/eine-gute-wahl-fuer-eine-lebenslange-erfahrung\/","og_site_name":"Kilivikings","article_publisher":"https:\/\/www.facebook.com\/KilimanjaroVikings","article_modified_time":"2026-02-23T14:37:32+00:00","twitter_card":"summary_large_image","twitter_site":"@kilivikings","schema":{"@context":"https:\/\/schema.org","@graph":[{"@type":"WebPage","@id":"https:\/\/kilivikings.com\/de\/eine-gute-wahl-fuer-eine-lebenslange-erfahrung\/","url":"https:\/\/kilivikings.com\/de\/eine-gute-wahl-fuer-eine-lebenslange-erfahrung\/","name":"Eine gute Wahl f\u00fcr eine lebenslange Erfahrung!! - Kilivikings","isPartOf":{"@id":"https:\/\/kilivikings.com\/#website"},"datePublished":"2024-08-07T12:12:48+00:00","dateModified":"2026-02-23T14:37:32+00:00","description":"W\u00e4hlen Sie einen vertrauensw\u00fcrdigen Kilimanjaro-Reiseveranstalter f\u00fcr eine einmalige Besteigung. Sichere Routen, fachkundige F\u00fchrung und ein unvergessliches Bergabenteuer.","breadcrumb":{"@id":"https:\/\/kilivikings.com\/de\/eine-gute-wahl-fuer-eine-lebenslange-erfahrung\/#breadcrumb"},"inLanguage":"de","potentialAction":[{"@type":"ReadAction","target":["https:\/\/kilivikings.com\/de\/eine-gute-wahl-fuer-eine-lebenslange-erfahrung\/"]}]},{"@type":"BreadcrumbList","@id":"https:\/\/kilivikings.com\/de\/eine-gute-wahl-fuer-eine-lebenslange-erfahrung\/#breadcrumb","itemListElement":[{"@type":"ListItem","position":1,"name":"Home","item":"https:\/\/kilivikings.com\/de\/startseite\/"},{"@type":"ListItem","position":2,"name":"Eine gute Wahl f\u00fcr eine lebenslange Erfahrung!!"}]},{"@type":"WebSite","@id":"https:\/\/kilivikings.com\/#website","url":"https:\/\/kilivikings.com\/","name":"Kilivikings","description":"My WordPress Blog","publisher":{"@id":"https:\/\/kilivikings.com\/#organization"},"potentialAction":[{"@type":"SearchAction","target":{"@type":"EntryPoint","urlTemplate":"https:\/\/kilivikings.com\/?s={search_term_string}"},"query-input":{"@type":"PropertyValueSpecification","valueRequired":true,"valueName":"search_term_string"}}],"inLanguage":"de"},{"@type":"Organization","@id":"https:\/\/kilivikings.com\/#organization","name":"Kilivikings","url":"https:\/\/kilivikings.com\/","logo":{"@type":"ImageObject","inLanguage":"de","@id":"https:\/\/kilivikings.com\/#\/schema\/logo\/image\/","url":"https:\/\/kilivikings.com\/wp-content\/uploads\/2025\/12\/logo-1.png","contentUrl":"https:\/\/kilivikings.com\/wp-content\/uploads\/2025\/12\/logo-1.png","width":110,"height":108,"caption":"Kilivikings"},"image":{"@id":"https:\/\/kilivikings.com\/#\/schema\/logo\/image\/"},"sameAs":["https:\/\/www.facebook.com\/KilimanjaroVikings","https:\/\/x.com\/kilivikings","https:\/\/www.instagram.com\/kilimanjaro_vikings\/","https:\/\/www.linkedin.com\/company\/kilimanjaro-vikings-limited"]}]}},"jetpack_shortlink":"https:\/\/wp.me\/PgfkU3-3Cv","jetpack-related-posts":[],"jetpack_sharing_enabled":true,"jetpack_likes_enabled":true,"_links":{"self":[{"href":"https:\/\/kilivikings.com\/de\/wp-json\/wp\/v2\/pages\/13919","targetHints":{"allow":["GET"]}}],"collection":[{"href":"https:\/\/kilivikings.com\/de\/wp-json\/wp\/v2\/pages"}],"about":[{"href":"https:\/\/kilivikings.com\/de\/wp-json\/wp\/v2\/types\/page"}],"author":[{"embeddable":true,"href":"https:\/\/kilivikings.com\/de\/wp-json\/wp\/v2\/users\/1"}],"replies":[{"embeddable":true,"href":"https:\/\/kilivikings.com\/de\/wp-json\/wp\/v2\/comments?post=13919"}],"version-history":[{"count":0,"href":"https:\/\/kilivikings.com\/de\/wp-json\/wp\/v2\/pages\/13919\/revisions"}],"wp:attachment":[{"href":"https:\/\/kilivikings.com\/de\/wp-json\/wp\/v2\/media?parent=13919"}],"curies":[{"name":"wp","href":"https:\/\/api.w.org\/{rel}","templated":true}]}}