{"id":14005,"date":"2024-08-03T08:24:58","date_gmt":"2024-08-03T08:24:58","guid":{"rendered":"https:\/\/kilivikings.com\/kilimanjaro-reiseversicherung\/"},"modified":"2026-02-23T10:38:27","modified_gmt":"2026-02-23T10:38:27","slug":"kilimanjaro-reiseversicherung","status":"publish","type":"page","link":"https:\/\/kilivikings.com\/de\/kilimanjaro-reiseversicherung\/","title":{"rendered":"Kilimanjaro Reiseversicherung"},"content":{"rendered":"\t\t<div data-elementor-type=\"wp-page\" data-elementor-id=\"14005\" class=\"elementor elementor-14005 elementor-3256\" data-elementor-post-type=\"page\">\n\t\t\t\t<div class=\"elementor-element elementor-element-3ddf4d6 e-flex e-con-boxed e-con e-parent\" data-id=\"3ddf4d6\" data-element_type=\"container\" data-e-type=\"container\" data-settings=\"{&quot;background_background&quot;:&quot;classic&quot;}\">\n\t\t\t\t\t<div class=\"e-con-inner\">\n\t\t\t\t<div class=\"elementor-element elementor-element-dfcc37e elementor-widget elementor-widget-heading\" data-id=\"dfcc37e\" data-element_type=\"widget\" data-e-type=\"widget\" data-widget_type=\"heading.default\">\n\t\t\t\t<div class=\"elementor-widget-container\">\n\t\t\t\t\t<h2 class=\"elementor-heading-title elementor-size-default\">Seelenfrieden beginnt mit der richtigen Reiseversicherung<\/h2>\t\t\t\t<\/div>\n\t\t\t\t<\/div>\n\t\t\t\t<div class=\"elementor-element elementor-element-a061628 elementor-widget__width-initial elementor-widget elementor-widget-heading\" data-id=\"a061628\" data-element_type=\"widget\" data-e-type=\"widget\" data-widget_type=\"heading.default\">\n\t\t\t\t<div class=\"elementor-widget-container\">\n\t\t\t\t\t<h1 class=\"elementor-heading-title elementor-size-default\">Kilimanjaro Reiseversicherung<\/h1>\t\t\t\t<\/div>\n\t\t\t\t<\/div>\n\t\t\t\t\t<\/div>\n\t\t\t\t<\/div>\n\t\t<div class=\"elementor-element elementor-element-eac2e97 e-flex e-con-boxed e-con e-parent\" data-id=\"eac2e97\" data-element_type=\"container\" data-e-type=\"container\">\n\t\t\t\t\t<div class=\"e-con-inner\">\n\t\t\t\t<div class=\"elementor-element elementor-element-16a3e1c elementor-widget elementor-widget-text-editor\" data-id=\"16a3e1c\" data-element_type=\"widget\" data-e-type=\"widget\" data-widget_type=\"text-editor.default\">\n\t\t\t\t<div class=\"elementor-widget-container\">\n\t\t\t\t\t\t\t\t\t<p>Eine Reiseversicherung ist f\u00fcr Ihren Kilimandscharo-Trek unerl\u00e4sslich. Sie sch\u00fctzt Sie bei unerwarteten Ereignissen und sorgt f\u00fcr ein sicheres und sorgenfreies Abenteuer. Der Versicherungsschutz sollte H\u00f6henwanderungen bis zu 6.000 Metern H\u00f6he einschlie\u00dfen. Sie ben\u00f6tigen au\u00dferdem einen Versicherungsnachweis, bevor Sie mit der Besteigung beginnen, also seien Sie vorbereitet.   <\/p>\n\t\t\t\t\t\t\t\t<\/div>\n\t\t\t\t<\/div>\n\t\t<div class=\"elementor-element elementor-element-b6ae6d6 e-con-full e-flex e-con e-child\" data-id=\"b6ae6d6\" data-element_type=\"container\" data-e-type=\"container\">\n\t\t<div class=\"elementor-element elementor-element-ba4f9ed e-con-full e-flex e-con e-child\" data-id=\"ba4f9ed\" data-element_type=\"container\" data-e-type=\"container\">\n\t\t<div class=\"elementor-element elementor-element-76af329 e-con-full e-flex e-con e-child\" data-id=\"76af329\" data-element_type=\"container\" data-e-type=\"container\" data-settings=\"{&quot;background_background&quot;:&quot;classic&quot;,&quot;position&quot;:&quot;absolute&quot;}\">\n\t\t\t\t<div class=\"elementor-element elementor-element-06f817d elementor-widget elementor-widget-heading\" data-id=\"06f817d\" data-element_type=\"widget\" data-e-type=\"widget\" data-widget_type=\"heading.default\">\n\t\t\t\t<div class=\"elementor-widget-container\">\n\t\t\t\t\t<h2 class=\"elementor-heading-title elementor-size-default\">\"Versichern Sie Ihre Kilimandscharo-Reise, ein sicheres Abenteuer mit Zuversicht\"<\/h2>\t\t\t\t<\/div>\n\t\t\t\t<\/div>\n\t\t\t\t<div class=\"elementor-element elementor-element-9efc3be elementor-widget elementor-widget-heading\" data-id=\"9efc3be\" data-element_type=\"widget\" data-e-type=\"widget\" data-widget_type=\"heading.default\">\n\t\t\t\t<div class=\"elementor-widget-container\">\n\t\t\t\t\t<h5 class=\"elementor-heading-title elementor-size-default\">KILI VIKINGS<\/h5>\t\t\t\t<\/div>\n\t\t\t\t<\/div>\n\t\t\t\t<\/div>\n\t\t\t\t<\/div>\n\t\t<div class=\"elementor-element elementor-element-ca7ce31 e-con-full e-flex e-con e-child\" data-id=\"ca7ce31\" data-element_type=\"container\" data-e-type=\"container\">\n\t\t\t\t<div class=\"elementor-element elementor-element-988ba89 elementor-widget elementor-widget-text-editor\" data-id=\"988ba89\" data-element_type=\"widget\" data-e-type=\"widget\" data-widget_type=\"text-editor.default\">\n\t\t\t\t<div class=\"elementor-widget-container\">\n\t\t\t\t\t\t\t\t\t<p>Die gro\u00dfe H\u00f6he und die abgelegene Lage des Kilimandscharo machen eine Reiseversicherung unerl\u00e4sslich. Sie deckt medizinische Notf\u00e4lle, Evakuierung, Reisestornierungen und verlorenes Gep\u00e4ck ab. Die Investition in die richtige Police kann Sie also vor erheblichen finanziellen Verlusten bewahren, wenn etwas schief geht.  <\/p>\n\t\t\t\t\t\t\t\t<\/div>\n\t\t\t\t<\/div>\n\t\t\t\t<\/div>\n\t\t\t\t<\/div>\n\t\t\t\t<div class=\"elementor-element elementor-element-b716e2d elementor-widget elementor-widget-text-editor\" data-id=\"b716e2d\" data-element_type=\"widget\" data-e-type=\"widget\" data-widget_type=\"text-editor.default\">\n\t\t\t\t<div class=\"elementor-widget-container\">\n\t\t\t\t\t\t\t\t\t<p>Die <strong>Kilimanjaro-Reiseversicherung <\/strong>sollte medizinische Kosten, Evakuierung und Reiseunterbrechungen abdecken. Hier sind die wichtigsten Punkte, die Sie beachten sollten: <\/p>\n<ul>\n<li><strong>Medizinische Kosten<\/strong>: Stellen Sie sicher, dass Ihre Police medizinische Behandlungen und Notfallevakuierungen abdeckt.<\/li>\n<li><strong>Reiseannullierung<\/strong>: Sch\u00fctzt Ihre Investition, wenn Ihre Reise unerwartet storniert wird.<\/li>\n<li><strong>Verlorenes Reisegep\u00e4ck<\/strong>: Dies deckt die Kosten f\u00fcr verlorenes oder versp\u00e4tetes Gep\u00e4ck.<\/li>\n<\/ul>\n<p>Vergewissern Sie sich vor dem Kauf, was Ihre Versicherung abdeckt, insbesondere bei Hochgebirgswanderungen. Sie k\u00f6nnen sich bei Ihrem Versicherer erkundigen, um sicherzustellen, dass Ihr Kilimandscharo-Besteigungsabenteuer vollst\u00e4ndig abgedeckt ist. <\/p>\n\t\t\t\t\t\t\t\t<\/div>\n\t\t\t\t<\/div>\n\t\t\t\t\t<\/div>\n\t\t\t\t<\/div>\n\t\t<div class=\"elementor-element elementor-element-9d5ce52 e-flex e-con-boxed e-con e-parent\" data-id=\"9d5ce52\" data-element_type=\"container\" data-e-type=\"container\" data-settings=\"{&quot;background_background&quot;:&quot;classic&quot;}\">\n\t\t\t\t\t<div class=\"e-con-inner\">\n\t\t\t\t<div class=\"elementor-element elementor-element-99ef8c0 elementor-widget__width-inherit elementor-widget elementor-widget-heading\" data-id=\"99ef8c0\" data-element_type=\"widget\" data-e-type=\"widget\" data-widget_type=\"heading.default\">\n\t\t\t\t<div class=\"elementor-widget-container\">\n\t\t\t\t\t<h2 class=\"elementor-heading-title elementor-size-default\">ICH M\u00d6CHTE ERKUNDEN<\/h2>\t\t\t\t<\/div>\n\t\t\t\t<\/div>\n\t\t\t\t<div class=\"elementor-element elementor-element-88887b1 elementor-widget__width-inherit elementor-widget elementor-widget-heading\" data-id=\"88887b1\" data-element_type=\"widget\" data-e-type=\"widget\" data-widget_type=\"heading.default\">\n\t\t\t\t<div class=\"elementor-widget-container\">\n\t\t\t\t\t<h2 class=\"elementor-heading-title elementor-size-default\">Kilimanjaro<\/h2>\t\t\t\t<\/div>\n\t\t\t\t<\/div>\n\t\t\t\t<div class=\"elementor-element elementor-element-30efaac elementor-widget elementor-widget-shortcode\" data-id=\"30efaac\" data-element_type=\"widget\" data-e-type=\"widget\" data-widget_type=\"shortcode.default\">\n\t\t\t\t<div class=\"elementor-widget-container\">\n\t\t\t\t\t\t\t<div class=\"elementor-shortcode\"><\/div>\n\t\t\t\t\t\t<\/div>\n\t\t\t\t<\/div>\n\t\t\t\t\t<\/div>\n\t\t\t\t<\/div>\n\t\t<div class=\"elementor-element elementor-element-4283902 e-flex e-con-boxed e-con e-parent\" data-id=\"4283902\" data-element_type=\"container\" data-e-type=\"container\">\n\t\t\t\t\t<div class=\"e-con-inner\">\n\t\t<div class=\"elementor-element elementor-element-0d85041 e-con-full e-flex e-con e-child\" data-id=\"0d85041\" data-element_type=\"container\" data-e-type=\"container\">\n\t\t\t\t<div class=\"elementor-element elementor-element-93cfcbb elementor-widget elementor-widget-image\" data-id=\"93cfcbb\" data-element_type=\"widget\" data-e-type=\"widget\" data-widget_type=\"image.default\">\n\t\t\t\t<div class=\"elementor-widget-container\">\n\t\t\t\t\t\t\t\t\t\t\t\t\t\t\t<img fetchpriority=\"high\" decoding=\"async\" width=\"683\" height=\"1024\" src=\"https:\/\/i0.wp.com\/kilivikings.com\/wp-content\/uploads\/2024\/08\/kilimanjaro-travel-insurance-1.webp?fit=683%2C1024&amp;ssl=1\" class=\"attachment-large size-large wp-image-10560\" alt=\"\" \/>\t\t\t\t\t\t\t\t\t\t\t\t\t\t\t<\/div>\n\t\t\t\t<\/div>\n\t\t\t\t<div class=\"elementor-element elementor-element-e53108f elementor-absolute e-transform elementor-widget elementor-widget-image\" data-id=\"e53108f\" data-element_type=\"widget\" data-e-type=\"widget\" data-settings=\"{&quot;_position&quot;:&quot;absolute&quot;,&quot;_transform_rotateZ_effect&quot;:{&quot;unit&quot;:&quot;px&quot;,&quot;size&quot;:-9,&quot;sizes&quot;:[]},&quot;_transform_rotateZ_effect_tablet&quot;:{&quot;unit&quot;:&quot;deg&quot;,&quot;size&quot;:&quot;&quot;,&quot;sizes&quot;:[]},&quot;_transform_rotateZ_effect_mobile&quot;:{&quot;unit&quot;:&quot;deg&quot;,&quot;size&quot;:&quot;&quot;,&quot;sizes&quot;:[]}}\" data-widget_type=\"image.default\">\n\t\t\t\t<div class=\"elementor-widget-container\">\n\t\t\t\t\t\t\t\t\t\t\t\t\t\t\t<img decoding=\"async\" width=\"683\" height=\"1024\" src=\"https:\/\/i0.wp.com\/kilivikings.com\/wp-content\/uploads\/2024\/08\/kilimanjaro-travel-insurance-2.webp?fit=683%2C1024&amp;ssl=1\" class=\"attachment-large size-large wp-image-10562\" alt=\"\" \/>\t\t\t\t\t\t\t\t\t\t\t\t\t\t\t<\/div>\n\t\t\t\t<\/div>\n\t\t\t\t<\/div>\n\t\t<div class=\"elementor-element elementor-element-ffa2ab1 e-con-full e-flex e-con e-child\" data-id=\"ffa2ab1\" data-element_type=\"container\" data-e-type=\"container\">\n\t\t\t\t<div class=\"elementor-element elementor-element-0b20c42 elementor-widget elementor-widget-heading\" data-id=\"0b20c42\" data-element_type=\"widget\" data-e-type=\"widget\" data-widget_type=\"heading.default\">\n\t\t\t\t<div class=\"elementor-widget-container\">\n\t\t\t\t\t<h3 class=\"elementor-heading-title elementor-size-default\">Evakuierung Deckung<\/h3>\t\t\t\t<\/div>\n\t\t\t\t<\/div>\n\t\t\t\t<div class=\"elementor-element elementor-element-9958a8d elementor-widget__width-initial elementor-widget elementor-widget-heading\" data-id=\"9958a8d\" data-element_type=\"widget\" data-e-type=\"widget\" data-widget_type=\"heading.default\">\n\t\t\t\t<div class=\"elementor-widget-container\">\n\t\t\t\t\t<h2 class=\"elementor-heading-title elementor-size-default\">Unverzichtbare Evakuierung f\u00fcr Ihren <i>Seelenfrieden <\/i>   <\/h2>\t\t\t\t<\/div>\n\t\t\t\t<\/div>\n\t\t\t\t<div class=\"elementor-element elementor-element-3039df4 elementor-widget elementor-widget-heading\" data-id=\"3039df4\" data-element_type=\"widget\" data-e-type=\"widget\" data-widget_type=\"heading.default\">\n\t\t\t\t<div class=\"elementor-widget-container\">\n\t\t\t\t\t<span class=\"elementor-heading-title elementor-size-default\">Der Versicherungsschutz f\u00fcr medizinische Evakuierungen ist ein weiterer wichtiger Aspekt, den Sie nicht au\u00dfer Acht lassen d\u00fcrfen. Viele Versicherungsgesellschaften bieten Tarife an, die in Notf\u00e4llen eine Evakuierung mit dem Flugzeug abdecken. Diese Zusatzversicherung ist optional, bietet aber zus\u00e4tzliche Sicherheit. Pr\u00fcfen Sie immer, was Ihre Reiseversicherung beinhaltet und \u00fcberlegen Sie, ob eine zus\u00e4tzliche Evakuierungsdeckung notwendig ist.  \n \n<\/span>\t\t\t\t<\/div>\n\t\t\t\t<\/div>\n\t\t\t\t<div class=\"elementor-element elementor-element-3e0e172 elementor-widget elementor-widget-heading\" data-id=\"3e0e172\" data-element_type=\"widget\" data-e-type=\"widget\" data-widget_type=\"heading.default\">\n\t\t\t\t<div class=\"elementor-widget-container\">\n\t\t\t\t\t<span class=\"elementor-heading-title elementor-size-default\">Bei Kili Vikings ist Ihre Sicherheit unsere Priorit\u00e4t. Sind Sie bereit, den Kilimanjaro mit Zuversicht zu besteigen? Kontaktieren Sie uns f\u00fcr weitere Informationen \u00fcber Reiseversicherungen und beginnen Sie Ihr Abenteuer ohne Sorgen!  <\/span>\t\t\t\t<\/div>\n\t\t\t\t<\/div>\n\t\t\t\t<\/div>\n\t\t\t\t\t<\/div>\n\t\t\t\t<\/div>\n\t\t<div class=\"elementor-element elementor-element-3617182 e-flex e-con-boxed e-con e-parent\" data-id=\"3617182\" data-element_type=\"container\" data-e-type=\"container\">\n\t\t\t\t\t<div class=\"e-con-inner\">\n\t\t\t\t<div class=\"elementor-element elementor-element-41f6df0 elementor-widget__width-inherit elementor-widget elementor-widget-shortcode\" data-id=\"41f6df0\" data-element_type=\"widget\" data-e-type=\"widget\" data-widget_type=\"shortcode.default\">\n\t\t\t\t<div class=\"elementor-widget-container\">\n\t\t\t\t\t\t\t<div class=\"elementor-shortcode\"><\/div>\n\t\t\t\t\t\t<\/div>\n\t\t\t\t<\/div>\n\t\t\t\t\t<\/div>\n\t\t\t\t<\/div>\n\t\t<div class=\"elementor-element elementor-element-8c52005 e-con-full e-flex e-con e-parent\" data-id=\"8c52005\" data-element_type=\"container\" data-e-type=\"container\">\n\t\t\t\t<div class=\"elementor-element elementor-element-bb837ba elementor-widget__width-inherit elementor-widget elementor-widget-shortcode\" data-id=\"bb837ba\" data-element_type=\"widget\" data-e-type=\"widget\" data-widget_type=\"shortcode.default\">\n\t\t\t\t<div class=\"elementor-widget-container\">\n\t\t\t\t\t\t\t<div class=\"elementor-shortcode\"><\/div>\n\t\t\t\t\t\t<\/div>\n\t\t\t\t<\/div>\n\t\t\t\t<\/div>\n\t\t\t\t<\/div>\n\t\t","protected":false},"excerpt":{"rendered":"<p>Seelenfrieden beginnt mit der richtigen Reiseversicherung Kilimanjaro Reiseversicherung Eine Reiseversicherung ist f\u00fcr Ihren Kilimandscharo-Trek unerl\u00e4sslich. Sie sch\u00fctzt Sie bei unerwarteten Ereignissen und sorgt f\u00fcr ein sicheres und sorgenfreies Abenteuer. Der Versicherungsschutz sollte H\u00f6henwanderungen bis zu 6.000 Metern H\u00f6he einschlie\u00dfen. Sie [&hellip;]<\/p>\n","protected":false},"author":1,"featured_media":0,"parent":0,"menu_order":0,"comment_status":"closed","ping_status":"closed","template":"elementor_header_footer","meta":{"footnotes":""},"class_list":["post-14005","page","type-page","status-publish","hentry"],"yoast_head":"<!-- This site is optimized with the Yoast SEO plugin v27.6 - https:\/\/yoast.com\/product\/yoast-seo-wordpress\/ -->\n<title>Kilimanjaro Reiseversicherung - Kilivikings<\/title>\n<meta name=\"description\" content=\"Eine Reiseversicherung f\u00fcr den Kilimandscharo ist unerl\u00e4sslich. Schlie\u00dfen Sie eine Versicherung f\u00fcr Hochgebirgstouren, medizinische Notf\u00e4lle, Evakuierung, Reiser\u00fccktritt und verlorenes Gep\u00e4ck ab.\" \/>\n<meta name=\"robots\" content=\"index, follow, max-snippet:-1, max-image-preview:large, max-video-preview:-1\" \/>\n<link rel=\"canonical\" href=\"https:\/\/kilivikings.com\/de\/kilimanjaro-reiseversicherung\/\" \/>\n<meta property=\"og:locale\" content=\"de_DE\" \/>\n<meta property=\"og:type\" content=\"article\" \/>\n<meta property=\"og:title\" content=\"Kilimanjaro Reiseversicherung - Kilivikings\" \/>\n<meta property=\"og:description\" content=\"Eine Reiseversicherung f\u00fcr den Kilimandscharo ist unerl\u00e4sslich. Schlie\u00dfen Sie eine Versicherung f\u00fcr Hochgebirgstouren, medizinische Notf\u00e4lle, Evakuierung, Reiser\u00fccktritt und verlorenes Gep\u00e4ck ab.\" \/>\n<meta property=\"og:url\" content=\"https:\/\/kilivikings.com\/de\/kilimanjaro-reiseversicherung\/\" \/>\n<meta property=\"og:site_name\" content=\"Kilivikings\" \/>\n<meta property=\"article:publisher\" content=\"https:\/\/www.facebook.com\/KilimanjaroVikings\" \/>\n<meta property=\"article:modified_time\" content=\"2026-02-23T10:38:27+00:00\" \/>\n<meta property=\"og:image\" content=\"https:\/\/kilivikings.com\/wp-content\/uploads\/2024\/08\/kilimanjaro-travel-insurance-1-683x1024.webp\" \/>\n<meta name=\"twitter:card\" content=\"summary_large_image\" \/>\n<meta name=\"twitter:site\" content=\"@kilivikings\" \/>\n<script type=\"application\/ld+json\" class=\"yoast-schema-graph\">{\"@context\":\"https:\\\/\\\/schema.org\",\"@graph\":[{\"@type\":\"WebPage\",\"@id\":\"https:\\\/\\\/kilivikings.com\\\/de\\\/kilimanjaro-reiseversicherung\\\/\",\"url\":\"https:\\\/\\\/kilivikings.com\\\/de\\\/kilimanjaro-reiseversicherung\\\/\",\"name\":\"Kilimanjaro Reiseversicherung - Kilivikings\",\"isPartOf\":{\"@id\":\"https:\\\/\\\/kilivikings.com\\\/#website\"},\"primaryImageOfPage\":{\"@id\":\"https:\\\/\\\/kilivikings.com\\\/de\\\/kilimanjaro-reiseversicherung\\\/#primaryimage\"},\"image\":{\"@id\":\"https:\\\/\\\/kilivikings.com\\\/de\\\/kilimanjaro-reiseversicherung\\\/#primaryimage\"},\"thumbnailUrl\":\"https:\\\/\\\/kilivikings.com\\\/wp-content\\\/uploads\\\/2024\\\/08\\\/kilimanjaro-travel-insurance-1-683x1024.webp\",\"datePublished\":\"2024-08-03T08:24:58+00:00\",\"dateModified\":\"2026-02-23T10:38:27+00:00\",\"description\":\"Eine Reiseversicherung f\u00fcr den Kilimandscharo ist unerl\u00e4sslich. Schlie\u00dfen Sie eine Versicherung f\u00fcr Hochgebirgstouren, medizinische Notf\u00e4lle, Evakuierung, Reiser\u00fccktritt und verlorenes Gep\u00e4ck ab.\",\"breadcrumb\":{\"@id\":\"https:\\\/\\\/kilivikings.com\\\/de\\\/kilimanjaro-reiseversicherung\\\/#breadcrumb\"},\"inLanguage\":\"de\",\"potentialAction\":[{\"@type\":\"ReadAction\",\"target\":[\"https:\\\/\\\/kilivikings.com\\\/de\\\/kilimanjaro-reiseversicherung\\\/\"]}]},{\"@type\":\"ImageObject\",\"inLanguage\":\"de\",\"@id\":\"https:\\\/\\\/kilivikings.com\\\/de\\\/kilimanjaro-reiseversicherung\\\/#primaryimage\",\"url\":\"https:\\\/\\\/kilivikings.com\\\/wp-content\\\/uploads\\\/2024\\\/08\\\/kilimanjaro-travel-insurance-1-683x1024.webp\",\"contentUrl\":\"https:\\\/\\\/kilivikings.com\\\/wp-content\\\/uploads\\\/2024\\\/08\\\/kilimanjaro-travel-insurance-1-683x1024.webp\"},{\"@type\":\"BreadcrumbList\",\"@id\":\"https:\\\/\\\/kilivikings.com\\\/de\\\/kilimanjaro-reiseversicherung\\\/#breadcrumb\",\"itemListElement\":[{\"@type\":\"ListItem\",\"position\":1,\"name\":\"Home\",\"item\":\"https:\\\/\\\/kilivikings.com\\\/de\\\/startseite\\\/\"},{\"@type\":\"ListItem\",\"position\":2,\"name\":\"Kilimanjaro Reiseversicherung\"}]},{\"@type\":\"WebSite\",\"@id\":\"https:\\\/\\\/kilivikings.com\\\/#website\",\"url\":\"https:\\\/\\\/kilivikings.com\\\/\",\"name\":\"Kilivikings\",\"description\":\"My WordPress Blog\",\"publisher\":{\"@id\":\"https:\\\/\\\/kilivikings.com\\\/#organization\"},\"potentialAction\":[{\"@type\":\"SearchAction\",\"target\":{\"@type\":\"EntryPoint\",\"urlTemplate\":\"https:\\\/\\\/kilivikings.com\\\/?s={search_term_string}\"},\"query-input\":{\"@type\":\"PropertyValueSpecification\",\"valueRequired\":true,\"valueName\":\"search_term_string\"}}],\"inLanguage\":\"de\"},{\"@type\":\"Organization\",\"@id\":\"https:\\\/\\\/kilivikings.com\\\/#organization\",\"name\":\"Kilivikings\",\"url\":\"https:\\\/\\\/kilivikings.com\\\/\",\"logo\":{\"@type\":\"ImageObject\",\"inLanguage\":\"de\",\"@id\":\"https:\\\/\\\/kilivikings.com\\\/#\\\/schema\\\/logo\\\/image\\\/\",\"url\":\"https:\\\/\\\/kilivikings.com\\\/wp-content\\\/uploads\\\/2025\\\/12\\\/logo-1.png\",\"contentUrl\":\"https:\\\/\\\/kilivikings.com\\\/wp-content\\\/uploads\\\/2025\\\/12\\\/logo-1.png\",\"width\":110,\"height\":108,\"caption\":\"Kilivikings\"},\"image\":{\"@id\":\"https:\\\/\\\/kilivikings.com\\\/#\\\/schema\\\/logo\\\/image\\\/\"},\"sameAs\":[\"https:\\\/\\\/www.facebook.com\\\/KilimanjaroVikings\",\"https:\\\/\\\/x.com\\\/kilivikings\",\"https:\\\/\\\/www.instagram.com\\\/kilimanjaro_vikings\\\/\",\"https:\\\/\\\/www.linkedin.com\\\/company\\\/kilimanjaro-vikings-limited\"]}]}<\/script>\n<!-- \/ Yoast SEO plugin. -->","yoast_head_json":{"title":"Kilimanjaro Reiseversicherung - Kilivikings","description":"Eine Reiseversicherung f\u00fcr den Kilimandscharo ist unerl\u00e4sslich. Schlie\u00dfen Sie eine Versicherung f\u00fcr Hochgebirgstouren, medizinische Notf\u00e4lle, Evakuierung, Reiser\u00fccktritt und verlorenes Gep\u00e4ck ab.","robots":{"index":"index","follow":"follow","max-snippet":"max-snippet:-1","max-image-preview":"max-image-preview:large","max-video-preview":"max-video-preview:-1"},"canonical":"https:\/\/kilivikings.com\/de\/kilimanjaro-reiseversicherung\/","og_locale":"de_DE","og_type":"article","og_title":"Kilimanjaro Reiseversicherung - Kilivikings","og_description":"Eine Reiseversicherung f\u00fcr den Kilimandscharo ist unerl\u00e4sslich. Schlie\u00dfen Sie eine Versicherung f\u00fcr Hochgebirgstouren, medizinische Notf\u00e4lle, Evakuierung, Reiser\u00fccktritt und verlorenes Gep\u00e4ck ab.","og_url":"https:\/\/kilivikings.com\/de\/kilimanjaro-reiseversicherung\/","og_site_name":"Kilivikings","article_publisher":"https:\/\/www.facebook.com\/KilimanjaroVikings","article_modified_time":"2026-02-23T10:38:27+00:00","og_image":[{"url":"https:\/\/kilivikings.com\/wp-content\/uploads\/2024\/08\/kilimanjaro-travel-insurance-1-683x1024.webp","type":"","width":"","height":""}],"twitter_card":"summary_large_image","twitter_site":"@kilivikings","schema":{"@context":"https:\/\/schema.org","@graph":[{"@type":"WebPage","@id":"https:\/\/kilivikings.com\/de\/kilimanjaro-reiseversicherung\/","url":"https:\/\/kilivikings.com\/de\/kilimanjaro-reiseversicherung\/","name":"Kilimanjaro Reiseversicherung - Kilivikings","isPartOf":{"@id":"https:\/\/kilivikings.com\/#website"},"primaryImageOfPage":{"@id":"https:\/\/kilivikings.com\/de\/kilimanjaro-reiseversicherung\/#primaryimage"},"image":{"@id":"https:\/\/kilivikings.com\/de\/kilimanjaro-reiseversicherung\/#primaryimage"},"thumbnailUrl":"https:\/\/kilivikings.com\/wp-content\/uploads\/2024\/08\/kilimanjaro-travel-insurance-1-683x1024.webp","datePublished":"2024-08-03T08:24:58+00:00","dateModified":"2026-02-23T10:38:27+00:00","description":"Eine Reiseversicherung f\u00fcr den Kilimandscharo ist unerl\u00e4sslich. Schlie\u00dfen Sie eine Versicherung f\u00fcr Hochgebirgstouren, medizinische Notf\u00e4lle, Evakuierung, Reiser\u00fccktritt und verlorenes Gep\u00e4ck ab.","breadcrumb":{"@id":"https:\/\/kilivikings.com\/de\/kilimanjaro-reiseversicherung\/#breadcrumb"},"inLanguage":"de","potentialAction":[{"@type":"ReadAction","target":["https:\/\/kilivikings.com\/de\/kilimanjaro-reiseversicherung\/"]}]},{"@type":"ImageObject","inLanguage":"de","@id":"https:\/\/kilivikings.com\/de\/kilimanjaro-reiseversicherung\/#primaryimage","url":"https:\/\/kilivikings.com\/wp-content\/uploads\/2024\/08\/kilimanjaro-travel-insurance-1-683x1024.webp","contentUrl":"https:\/\/kilivikings.com\/wp-content\/uploads\/2024\/08\/kilimanjaro-travel-insurance-1-683x1024.webp"},{"@type":"BreadcrumbList","@id":"https:\/\/kilivikings.com\/de\/kilimanjaro-reiseversicherung\/#breadcrumb","itemListElement":[{"@type":"ListItem","position":1,"name":"Home","item":"https:\/\/kilivikings.com\/de\/startseite\/"},{"@type":"ListItem","position":2,"name":"Kilimanjaro Reiseversicherung"}]},{"@type":"WebSite","@id":"https:\/\/kilivikings.com\/#website","url":"https:\/\/kilivikings.com\/","name":"Kilivikings","description":"My WordPress Blog","publisher":{"@id":"https:\/\/kilivikings.com\/#organization"},"potentialAction":[{"@type":"SearchAction","target":{"@type":"EntryPoint","urlTemplate":"https:\/\/kilivikings.com\/?s={search_term_string}"},"query-input":{"@type":"PropertyValueSpecification","valueRequired":true,"valueName":"search_term_string"}}],"inLanguage":"de"},{"@type":"Organization","@id":"https:\/\/kilivikings.com\/#organization","name":"Kilivikings","url":"https:\/\/kilivikings.com\/","logo":{"@type":"ImageObject","inLanguage":"de","@id":"https:\/\/kilivikings.com\/#\/schema\/logo\/image\/","url":"https:\/\/kilivikings.com\/wp-content\/uploads\/2025\/12\/logo-1.png","contentUrl":"https:\/\/kilivikings.com\/wp-content\/uploads\/2025\/12\/logo-1.png","width":110,"height":108,"caption":"Kilivikings"},"image":{"@id":"https:\/\/kilivikings.com\/#\/schema\/logo\/image\/"},"sameAs":["https:\/\/www.facebook.com\/KilimanjaroVikings","https:\/\/x.com\/kilivikings","https:\/\/www.instagram.com\/kilimanjaro_vikings\/","https:\/\/www.linkedin.com\/company\/kilimanjaro-vikings-limited"]}]}},"jetpack_shortlink":"https:\/\/wp.me\/PgfkU3-3DT","jetpack-related-posts":[],"jetpack_sharing_enabled":true,"jetpack_likes_enabled":true,"_links":{"self":[{"href":"https:\/\/kilivikings.com\/de\/wp-json\/wp\/v2\/pages\/14005","targetHints":{"allow":["GET"]}}],"collection":[{"href":"https:\/\/kilivikings.com\/de\/wp-json\/wp\/v2\/pages"}],"about":[{"href":"https:\/\/kilivikings.com\/de\/wp-json\/wp\/v2\/types\/page"}],"author":[{"embeddable":true,"href":"https:\/\/kilivikings.com\/de\/wp-json\/wp\/v2\/users\/1"}],"replies":[{"embeddable":true,"href":"https:\/\/kilivikings.com\/de\/wp-json\/wp\/v2\/comments?post=14005"}],"version-history":[{"count":0,"href":"https:\/\/kilivikings.com\/de\/wp-json\/wp\/v2\/pages\/14005\/revisions"}],"wp:attachment":[{"href":"https:\/\/kilivikings.com\/de\/wp-json\/wp\/v2\/media?parent=14005"}],"curies":[{"name":"wp","href":"https:\/\/api.w.org\/{rel}","templated":true}]}}