{"id":14033,"date":"2024-08-07T12:35:49","date_gmt":"2024-08-07T12:35:49","guid":{"rendered":"https:\/\/kilivikings.com\/kilimandscharo-machame-route\/"},"modified":"2024-10-30T10:22:56","modified_gmt":"2024-10-30T10:22:56","slug":"kilimandscharo-machame-route","status":"publish","type":"page","link":"https:\/\/kilivikings.com\/de\/kilimandscharo-machame-route\/","title":{"rendered":"Kilimandscharo &#8211; Machame Route"},"content":{"rendered":"\t\t<div data-elementor-type=\"wp-page\" data-elementor-id=\"14033\" class=\"elementor elementor-14033 elementor-9430\" data-elementor-post-type=\"page\">\n\t\t\t\t<div class=\"elementor-element elementor-element-3ddf4d6 e-flex e-con-boxed e-con e-parent\" data-id=\"3ddf4d6\" data-element_type=\"container\" data-e-type=\"container\" data-settings=\"{&quot;background_background&quot;:&quot;classic&quot;,&quot;grandtour_ext_is_background_parallax&quot;:&quot;false&quot;,&quot;grandtour_ext_is_background_backdrop&quot;:&quot;false&quot;,&quot;grandtour_ext_is_background_on_scroll&quot;:&quot;false&quot;,&quot;grandtour_ext_link_sidemenu&quot;:&quot;false&quot;,&quot;grandtour_ext_link_fullmenu&quot;:&quot;false&quot;,&quot;grandtour_ext_link_closed_fullmenu&quot;:&quot;false&quot;,&quot;grandtour_ext_is_sticky&quot;:&quot;false&quot;,&quot;grandtour_ext_is_scrollme&quot;:&quot;false&quot;,&quot;grandtour_ext_is_smoove&quot;:&quot;false&quot;,&quot;grandtour_ext_is_parallax_mouse&quot;:&quot;false&quot;,&quot;grandtour_ext_is_infinite&quot;:&quot;false&quot;,&quot;grandtour_ext_is_fadeout_animation&quot;:&quot;false&quot;,&quot;grandtour_ext_mobile_static&quot;:&quot;false&quot;}\">\n\t\t\t\t\t<div class=\"e-con-inner\">\n\t\t\t\t<div class=\"elementor-element elementor-element-dfcc37e elementor-widget elementor-widget-heading\" data-id=\"dfcc37e\" data-element_type=\"widget\" data-e-type=\"widget\" data-settings=\"{&quot;grandtour_ext_link_sidemenu&quot;:&quot;false&quot;,&quot;grandtour_ext_link_fullmenu&quot;:&quot;false&quot;,&quot;grandtour_ext_link_closed_fullmenu&quot;:&quot;false&quot;,&quot;grandtour_ext_is_sticky&quot;:&quot;false&quot;,&quot;grandtour_ext_is_scrollme&quot;:&quot;false&quot;,&quot;grandtour_ext_is_smoove&quot;:&quot;false&quot;,&quot;grandtour_ext_is_parallax_mouse&quot;:&quot;false&quot;,&quot;grandtour_ext_is_infinite&quot;:&quot;false&quot;,&quot;grandtour_ext_is_fadeout_animation&quot;:&quot;false&quot;,&quot;grandtour_ext_mobile_static&quot;:&quot;false&quot;}\" data-widget_type=\"heading.default\">\n\t\t\t\t<div class=\"elementor-widget-container\">\n\t\t\t\t\t<h2 class=\"elementor-heading-title elementor-size-default\">Zeugnis<\/h2>\t\t\t\t<\/div>\n\t\t\t\t<\/div>\n\t\t\t\t<div class=\"elementor-element elementor-element-a061628 elementor-widget__width-initial elementor-widget elementor-widget-heading\" data-id=\"a061628\" data-element_type=\"widget\" data-e-type=\"widget\" data-settings=\"{&quot;grandtour_ext_is_smoove&quot;:&quot;true&quot;,&quot;grandtour_ext_smoove_duration&quot;:800,&quot;grandtour_ext_smoove_scalex&quot;:{&quot;unit&quot;:&quot;px&quot;,&quot;size&quot;:1.2,&quot;sizes&quot;:[]},&quot;grandtour_ext_smoove_scaley&quot;:{&quot;unit&quot;:&quot;px&quot;,&quot;size&quot;:1.2,&quot;sizes&quot;:[]},&quot;grandtour_ext_link_sidemenu&quot;:&quot;false&quot;,&quot;grandtour_ext_link_fullmenu&quot;:&quot;false&quot;,&quot;grandtour_ext_link_closed_fullmenu&quot;:&quot;false&quot;,&quot;grandtour_ext_is_sticky&quot;:&quot;false&quot;,&quot;grandtour_ext_is_scrollme&quot;:&quot;false&quot;,&quot;grandtour_ext_smoove_disable&quot;:1,&quot;grandtour_ext_smoove_rotatex&quot;:{&quot;unit&quot;:&quot;px&quot;,&quot;size&quot;:0,&quot;sizes&quot;:[]},&quot;grandtour_ext_smoove_rotatey&quot;:{&quot;unit&quot;:&quot;px&quot;,&quot;size&quot;:0,&quot;sizes&quot;:[]},&quot;grandtour_ext_smoove_rotatez&quot;:{&quot;unit&quot;:&quot;px&quot;,&quot;size&quot;:0,&quot;sizes&quot;:[]},&quot;grandtour_ext_smoove_translatex&quot;:{&quot;unit&quot;:&quot;px&quot;,&quot;size&quot;:0,&quot;sizes&quot;:[]},&quot;grandtour_ext_smoove_translatey&quot;:{&quot;unit&quot;:&quot;px&quot;,&quot;size&quot;:0,&quot;sizes&quot;:[]},&quot;grandtour_ext_smoove_translatez&quot;:{&quot;unit&quot;:&quot;px&quot;,&quot;size&quot;:0,&quot;sizes&quot;:[]},&quot;grandtour_ext_smoove_skewx&quot;:{&quot;unit&quot;:&quot;px&quot;,&quot;size&quot;:0,&quot;sizes&quot;:[]},&quot;grandtour_ext_smoove_skewy&quot;:{&quot;unit&quot;:&quot;px&quot;,&quot;size&quot;:0,&quot;sizes&quot;:[]},&quot;grandtour_ext_smoove_transform_originx&quot;:{&quot;unit&quot;:&quot;px&quot;,&quot;size&quot;:50,&quot;sizes&quot;:[]},&quot;grandtour_ext_smoove_transform_originy&quot;:{&quot;unit&quot;:&quot;px&quot;,&quot;size&quot;:50,&quot;sizes&quot;:[]},&quot;grandtour_ext_smoove_perspective&quot;:{&quot;unit&quot;:&quot;px&quot;,&quot;size&quot;:1000,&quot;sizes&quot;:[]},&quot;grandtour_ext_is_parallax_mouse&quot;:&quot;false&quot;,&quot;grandtour_ext_is_infinite&quot;:&quot;false&quot;,&quot;grandtour_ext_is_fadeout_animation&quot;:&quot;false&quot;,&quot;grandtour_ext_mobile_static&quot;:&quot;false&quot;}\" data-widget_type=\"heading.default\">\n\t\t\t\t<div class=\"elementor-widget-container\">\n\t\t\t\t\t<h1 class=\"elementor-heading-title elementor-size-default\">Kilimandscharo - Machame Route<\/h1>\t\t\t\t<\/div>\n\t\t\t\t<\/div>\n\t\t\t\t\t<\/div>\n\t\t\t\t<\/div>\n\t\t<div class=\"elementor-element elementor-element-eac2e97 e-flex e-con-boxed e-con e-parent\" data-id=\"eac2e97\" data-element_type=\"container\" data-e-type=\"container\" data-settings=\"{&quot;grandtour_ext_is_background_parallax&quot;:&quot;false&quot;,&quot;grandtour_ext_is_background_backdrop&quot;:&quot;false&quot;,&quot;grandtour_ext_is_background_on_scroll&quot;:&quot;false&quot;,&quot;grandtour_ext_link_sidemenu&quot;:&quot;false&quot;,&quot;grandtour_ext_link_fullmenu&quot;:&quot;false&quot;,&quot;grandtour_ext_link_closed_fullmenu&quot;:&quot;false&quot;,&quot;grandtour_ext_is_sticky&quot;:&quot;false&quot;,&quot;grandtour_ext_is_scrollme&quot;:&quot;false&quot;,&quot;grandtour_ext_is_smoove&quot;:&quot;false&quot;,&quot;grandtour_ext_is_parallax_mouse&quot;:&quot;false&quot;,&quot;grandtour_ext_is_infinite&quot;:&quot;false&quot;,&quot;grandtour_ext_is_fadeout_animation&quot;:&quot;false&quot;,&quot;grandtour_ext_mobile_static&quot;:&quot;false&quot;}\">\n\t\t\t\t\t<div class=\"e-con-inner\">\n\t\t\t\t<div class=\"elementor-element elementor-element-16a3e1c elementor-widget elementor-widget-text-editor\" data-id=\"16a3e1c\" data-element_type=\"widget\" data-e-type=\"widget\" data-settings=\"{&quot;grandtour_ext_link_sidemenu&quot;:&quot;false&quot;,&quot;grandtour_ext_link_fullmenu&quot;:&quot;false&quot;,&quot;grandtour_ext_link_closed_fullmenu&quot;:&quot;false&quot;,&quot;grandtour_ext_is_sticky&quot;:&quot;false&quot;,&quot;grandtour_ext_is_scrollme&quot;:&quot;false&quot;,&quot;grandtour_ext_is_smoove&quot;:&quot;false&quot;,&quot;grandtour_ext_is_parallax_mouse&quot;:&quot;false&quot;,&quot;grandtour_ext_is_infinite&quot;:&quot;false&quot;,&quot;grandtour_ext_is_fadeout_animation&quot;:&quot;false&quot;,&quot;grandtour_ext_mobile_static&quot;:&quot;false&quot;}\" data-widget_type=\"text-editor.default\">\n\t\t\t\t<div class=\"elementor-widget-container\">\n\t\t\t\t\t\t\t\t\t<p>Wir haben den Kilimanjaro im Juli 2015 bestiegen. Wir haben zu dritt versucht, \u00fcber die Machame-Route zu klettern und zwei von uns konnten den Gipfel erreichen. Unser gro\u00dfartiger F\u00fchrer Wanba hat uns immer geholfen. Auf dem Weg zum Gipfel litt ich sehr unter der H\u00f6henkrankheit. Aber Wanba hat mich immer ermutigt, wenn es mir schwer fiel, weiterzuklettern. Dank seiner freundlichen und herzlichen F\u00fchrung erreichten meine Freunde den Gipfel und ich konnte das Klettern genie\u00dfen. Dieses Mal haben wir Kilimanjaro Vikings auch gebeten, eine Safari-Tour nach der Besteigung des Berges zu organisieren. Der Direktor Charlie arrangierte alles h\u00f6flich f\u00fcr uns. So hatten wir einfach nur Spa\u00df an der Sache. Wenn Sie die Besteigung des Berges und eine Safari genie\u00dfen m\u00f6chten, kann ich kilimanjaro vikings nur empfehlen!         <\/p>\n\t\t\t\t\t\t\t\t<\/div>\n\t\t\t\t<\/div>\n\t\t\t\t\t<\/div>\n\t\t\t\t<\/div>\n\t\t<div class=\"elementor-element elementor-element-17074c2 e-con-full e-flex e-con e-parent\" data-id=\"17074c2\" data-element_type=\"container\" data-e-type=\"container\" data-settings=\"{&quot;grandtour_ext_is_background_parallax&quot;:&quot;false&quot;,&quot;grandtour_ext_is_background_backdrop&quot;:&quot;false&quot;,&quot;grandtour_ext_is_background_on_scroll&quot;:&quot;false&quot;,&quot;grandtour_ext_link_sidemenu&quot;:&quot;false&quot;,&quot;grandtour_ext_link_fullmenu&quot;:&quot;false&quot;,&quot;grandtour_ext_link_closed_fullmenu&quot;:&quot;false&quot;,&quot;grandtour_ext_is_sticky&quot;:&quot;false&quot;,&quot;grandtour_ext_is_scrollme&quot;:&quot;false&quot;,&quot;grandtour_ext_is_smoove&quot;:&quot;false&quot;,&quot;grandtour_ext_is_parallax_mouse&quot;:&quot;false&quot;,&quot;grandtour_ext_is_infinite&quot;:&quot;false&quot;,&quot;grandtour_ext_is_fadeout_animation&quot;:&quot;false&quot;,&quot;grandtour_ext_mobile_static&quot;:&quot;false&quot;}\">\n\t\t\t\t<div class=\"elementor-element elementor-element-4ada980 elementor-widget elementor-widget-shortcode\" data-id=\"4ada980\" data-element_type=\"widget\" data-e-type=\"widget\" data-settings=\"{&quot;grandtour_ext_link_sidemenu&quot;:&quot;false&quot;,&quot;grandtour_ext_link_fullmenu&quot;:&quot;false&quot;,&quot;grandtour_ext_link_closed_fullmenu&quot;:&quot;false&quot;,&quot;grandtour_ext_is_sticky&quot;:&quot;false&quot;,&quot;grandtour_ext_is_scrollme&quot;:&quot;false&quot;,&quot;grandtour_ext_is_smoove&quot;:&quot;false&quot;,&quot;grandtour_ext_is_parallax_mouse&quot;:&quot;false&quot;,&quot;grandtour_ext_is_infinite&quot;:&quot;false&quot;,&quot;grandtour_ext_is_fadeout_animation&quot;:&quot;false&quot;,&quot;grandtour_ext_mobile_static&quot;:&quot;false&quot;}\" data-widget_type=\"shortcode.default\">\n\t\t\t\t<div class=\"elementor-widget-container\">\n\t\t\t\t\t\t\t<div class=\"elementor-shortcode\"><\/div>\n\t\t\t\t\t\t<\/div>\n\t\t\t\t<\/div>\n\t\t\t\t<\/div>\n\t\t\t\t<\/div>\n\t\t","protected":false},"excerpt":{"rendered":"<p>Zeugnis Kilimandscharo &#8211; Machame Route Wir haben den Kilimanjaro im Juli 2015 bestiegen. Wir haben zu dritt versucht, \u00fcber die Machame-Route zu klettern und zwei von uns konnten den Gipfel erreichen. Unser gro\u00dfartiger F\u00fchrer Wanba hat uns immer geholfen. Auf [&hellip;]<\/p>\n","protected":false},"author":1,"featured_media":0,"parent":0,"menu_order":0,"comment_status":"closed","ping_status":"closed","template":"elementor_header_footer","meta":{"_crdt_document":"","jetpack_post_was_ever_published":false,"footnotes":""},"class_list":["post-14033","page","type-page","status-publish","hentry"],"yoast_head":"<!-- This site is optimized with the Yoast SEO plugin v27.3 - https:\/\/yoast.com\/product\/yoast-seo-wordpress\/ -->\n<title>Mt. Kilimanjaro - Machame Route<\/title>\n<meta name=\"robots\" content=\"index, follow, max-snippet:-1, max-image-preview:large, max-video-preview:-1\" \/>\n<link rel=\"canonical\" href=\"https:\/\/kilivikings.com\/de\/kilimandscharo-machame-route\/\" \/>\n<meta property=\"og:locale\" content=\"de_DE\" \/>\n<meta property=\"og:type\" content=\"article\" \/>\n<meta property=\"og:title\" content=\"Mt. Kilimanjaro - Machame Route\" \/>\n<meta property=\"og:description\" content=\"Zeugnis Kilimandscharo &#8211; Machame Route Wir haben den Kilimanjaro im Juli 2015 bestiegen. Wir haben zu dritt versucht, \u00fcber die Machame-Route zu klettern und zwei von uns konnten den Gipfel erreichen. Unser gro\u00dfartiger F\u00fchrer Wanba hat uns immer geholfen. Auf [&hellip;]\" \/>\n<meta property=\"og:url\" content=\"https:\/\/kilivikings.com\/de\/kilimandscharo-machame-route\/\" \/>\n<meta property=\"og:site_name\" content=\"Kilivikings\" \/>\n<meta property=\"article:publisher\" content=\"https:\/\/www.facebook.com\/KilimanjaroVikings\" \/>\n<meta property=\"article:modified_time\" content=\"2024-10-30T10:22:56+00:00\" \/>\n<meta name=\"twitter:card\" content=\"summary_large_image\" \/>\n<meta name=\"twitter:site\" content=\"@kilivikings\" \/>\n<script type=\"application\/ld+json\" class=\"yoast-schema-graph\">{\"@context\":\"https:\\\/\\\/schema.org\",\"@graph\":[{\"@type\":\"WebPage\",\"@id\":\"https:\\\/\\\/kilivikings.com\\\/de\\\/kilimandscharo-machame-route\\\/\",\"url\":\"https:\\\/\\\/kilivikings.com\\\/de\\\/kilimandscharo-machame-route\\\/\",\"name\":\"Mt. Kilimanjaro - Machame Route\",\"isPartOf\":{\"@id\":\"https:\\\/\\\/kilivikings.com\\\/#website\"},\"datePublished\":\"2024-08-07T12:35:49+00:00\",\"dateModified\":\"2024-10-30T10:22:56+00:00\",\"breadcrumb\":{\"@id\":\"https:\\\/\\\/kilivikings.com\\\/de\\\/kilimandscharo-machame-route\\\/#breadcrumb\"},\"inLanguage\":\"de\",\"potentialAction\":[{\"@type\":\"ReadAction\",\"target\":[\"https:\\\/\\\/kilivikings.com\\\/de\\\/kilimandscharo-machame-route\\\/\"]}]},{\"@type\":\"BreadcrumbList\",\"@id\":\"https:\\\/\\\/kilivikings.com\\\/de\\\/kilimandscharo-machame-route\\\/#breadcrumb\",\"itemListElement\":[{\"@type\":\"ListItem\",\"position\":1,\"name\":\"Home\",\"item\":\"https:\\\/\\\/kilivikings.com\\\/de\\\/startseite\\\/\"},{\"@type\":\"ListItem\",\"position\":2,\"name\":\"Kilimandscharo &#8211; Machame Route\"}]},{\"@type\":\"WebSite\",\"@id\":\"https:\\\/\\\/kilivikings.com\\\/#website\",\"url\":\"https:\\\/\\\/kilivikings.com\\\/\",\"name\":\"Kilivikings\",\"description\":\"My WordPress Blog\",\"publisher\":{\"@id\":\"https:\\\/\\\/kilivikings.com\\\/#organization\"},\"potentialAction\":[{\"@type\":\"SearchAction\",\"target\":{\"@type\":\"EntryPoint\",\"urlTemplate\":\"https:\\\/\\\/kilivikings.com\\\/?s={search_term_string}\"},\"query-input\":{\"@type\":\"PropertyValueSpecification\",\"valueRequired\":true,\"valueName\":\"search_term_string\"}}],\"inLanguage\":\"de\"},{\"@type\":\"Organization\",\"@id\":\"https:\\\/\\\/kilivikings.com\\\/#organization\",\"name\":\"Kilivikings\",\"url\":\"https:\\\/\\\/kilivikings.com\\\/\",\"logo\":{\"@type\":\"ImageObject\",\"inLanguage\":\"de\",\"@id\":\"https:\\\/\\\/kilivikings.com\\\/#\\\/schema\\\/logo\\\/image\\\/\",\"url\":\"https:\\\/\\\/kilivikings.com\\\/wp-content\\\/uploads\\\/2025\\\/12\\\/logo-1.png\",\"contentUrl\":\"https:\\\/\\\/kilivikings.com\\\/wp-content\\\/uploads\\\/2025\\\/12\\\/logo-1.png\",\"width\":110,\"height\":108,\"caption\":\"Kilivikings\"},\"image\":{\"@id\":\"https:\\\/\\\/kilivikings.com\\\/#\\\/schema\\\/logo\\\/image\\\/\"},\"sameAs\":[\"https:\\\/\\\/www.facebook.com\\\/KilimanjaroVikings\",\"https:\\\/\\\/x.com\\\/kilivikings\",\"https:\\\/\\\/www.instagram.com\\\/kilimanjaro_vikings\\\/\",\"https:\\\/\\\/www.linkedin.com\\\/company\\\/kilimanjaro-vikings-limited\"]}]}<\/script>\n<!-- \/ Yoast SEO plugin. -->","yoast_head_json":{"title":"Mt. Kilimanjaro - Machame Route","robots":{"index":"index","follow":"follow","max-snippet":"max-snippet:-1","max-image-preview":"max-image-preview:large","max-video-preview":"max-video-preview:-1"},"canonical":"https:\/\/kilivikings.com\/de\/kilimandscharo-machame-route\/","og_locale":"de_DE","og_type":"article","og_title":"Mt. Kilimanjaro - Machame Route","og_description":"Zeugnis Kilimandscharo &#8211; Machame Route Wir haben den Kilimanjaro im Juli 2015 bestiegen. Wir haben zu dritt versucht, \u00fcber die Machame-Route zu klettern und zwei von uns konnten den Gipfel erreichen. Unser gro\u00dfartiger F\u00fchrer Wanba hat uns immer geholfen. Auf [&hellip;]","og_url":"https:\/\/kilivikings.com\/de\/kilimandscharo-machame-route\/","og_site_name":"Kilivikings","article_publisher":"https:\/\/www.facebook.com\/KilimanjaroVikings","article_modified_time":"2024-10-30T10:22:56+00:00","twitter_card":"summary_large_image","twitter_site":"@kilivikings","schema":{"@context":"https:\/\/schema.org","@graph":[{"@type":"WebPage","@id":"https:\/\/kilivikings.com\/de\/kilimandscharo-machame-route\/","url":"https:\/\/kilivikings.com\/de\/kilimandscharo-machame-route\/","name":"Mt. Kilimanjaro - Machame Route","isPartOf":{"@id":"https:\/\/kilivikings.com\/#website"},"datePublished":"2024-08-07T12:35:49+00:00","dateModified":"2024-10-30T10:22:56+00:00","breadcrumb":{"@id":"https:\/\/kilivikings.com\/de\/kilimandscharo-machame-route\/#breadcrumb"},"inLanguage":"de","potentialAction":[{"@type":"ReadAction","target":["https:\/\/kilivikings.com\/de\/kilimandscharo-machame-route\/"]}]},{"@type":"BreadcrumbList","@id":"https:\/\/kilivikings.com\/de\/kilimandscharo-machame-route\/#breadcrumb","itemListElement":[{"@type":"ListItem","position":1,"name":"Home","item":"https:\/\/kilivikings.com\/de\/startseite\/"},{"@type":"ListItem","position":2,"name":"Kilimandscharo &#8211; Machame Route"}]},{"@type":"WebSite","@id":"https:\/\/kilivikings.com\/#website","url":"https:\/\/kilivikings.com\/","name":"Kilivikings","description":"My WordPress Blog","publisher":{"@id":"https:\/\/kilivikings.com\/#organization"},"potentialAction":[{"@type":"SearchAction","target":{"@type":"EntryPoint","urlTemplate":"https:\/\/kilivikings.com\/?s={search_term_string}"},"query-input":{"@type":"PropertyValueSpecification","valueRequired":true,"valueName":"search_term_string"}}],"inLanguage":"de"},{"@type":"Organization","@id":"https:\/\/kilivikings.com\/#organization","name":"Kilivikings","url":"https:\/\/kilivikings.com\/","logo":{"@type":"ImageObject","inLanguage":"de","@id":"https:\/\/kilivikings.com\/#\/schema\/logo\/image\/","url":"https:\/\/kilivikings.com\/wp-content\/uploads\/2025\/12\/logo-1.png","contentUrl":"https:\/\/kilivikings.com\/wp-content\/uploads\/2025\/12\/logo-1.png","width":110,"height":108,"caption":"Kilivikings"},"image":{"@id":"https:\/\/kilivikings.com\/#\/schema\/logo\/image\/"},"sameAs":["https:\/\/www.facebook.com\/KilimanjaroVikings","https:\/\/x.com\/kilivikings","https:\/\/www.instagram.com\/kilimanjaro_vikings\/","https:\/\/www.linkedin.com\/company\/kilimanjaro-vikings-limited"]}]}},"jetpack_shortlink":"https:\/\/wp.me\/PgfkU3-3El","jetpack-related-posts":[],"jetpack_sharing_enabled":true,"jetpack_likes_enabled":true,"_links":{"self":[{"href":"https:\/\/kilivikings.com\/de\/wp-json\/wp\/v2\/pages\/14033","targetHints":{"allow":["GET"]}}],"collection":[{"href":"https:\/\/kilivikings.com\/de\/wp-json\/wp\/v2\/pages"}],"about":[{"href":"https:\/\/kilivikings.com\/de\/wp-json\/wp\/v2\/types\/page"}],"author":[{"embeddable":true,"href":"https:\/\/kilivikings.com\/de\/wp-json\/wp\/v2\/users\/1"}],"replies":[{"embeddable":true,"href":"https:\/\/kilivikings.com\/de\/wp-json\/wp\/v2\/comments?post=14033"}],"version-history":[{"count":0,"href":"https:\/\/kilivikings.com\/de\/wp-json\/wp\/v2\/pages\/14033\/revisions"}],"wp:attachment":[{"href":"https:\/\/kilivikings.com\/de\/wp-json\/wp\/v2\/media?parent=14033"}],"curies":[{"name":"wp","href":"https:\/\/api.w.org\/{rel}","templated":true}]}}