{"id":14071,"date":"2024-08-06T06:34:54","date_gmt":"2024-08-06T06:34:54","guid":{"rendered":"https:\/\/kilivikings.com\/wildlife-safaris-day-trips-tours\/"},"modified":"2026-02-22T11:26:27","modified_gmt":"2026-02-22T11:26:27","slug":"wildlife-safaris-day-trips-tours","status":"publish","type":"page","link":"https:\/\/kilivikings.com\/de\/wildlife-safaris-day-trips-tours\/","title":{"rendered":"Wildlife safaris day Trips &amp; tours"},"content":{"rendered":"\t\t<div data-elementor-type=\"wp-page\" data-elementor-id=\"14071\" class=\"elementor elementor-14071 elementor-8816\" data-elementor-post-type=\"page\">\n\t\t\t\t<div class=\"elementor-element elementor-element-3ddf4d6 e-flex e-con-boxed e-con e-parent\" data-id=\"3ddf4d6\" data-element_type=\"container\" data-e-type=\"container\" data-settings=\"{&quot;background_background&quot;:&quot;classic&quot;}\">\n\t\t\t\t\t<div class=\"e-con-inner\">\n\t\t\t\t<div class=\"elementor-element elementor-element-dfcc37e elementor-widget elementor-widget-heading\" data-id=\"dfcc37e\" data-element_type=\"widget\" data-e-type=\"widget\" data-widget_type=\"heading.default\">\n\t\t\t\t<div class=\"elementor-widget-container\">\n\t\t\t\t\t<h2 class=\"elementor-heading-title elementor-size-default\">Safari-Aufregung nur einen Klick entfernt<\/h2>\t\t\t\t<\/div>\n\t\t\t\t<\/div>\n\t\t\t\t<div class=\"elementor-element elementor-element-a061628 elementor-widget__width-initial elementor-widget elementor-widget-heading\" data-id=\"a061628\" data-element_type=\"widget\" data-e-type=\"widget\" data-widget_type=\"heading.default\">\n\t\t\t\t<div class=\"elementor-widget-container\">\n\t\t\t\t\t<h1 class=\"elementor-heading-title elementor-size-default\">Wildlife Safaris Tagesausfl\u00fcge &amp; Touren<\/h1>\t\t\t\t<\/div>\n\t\t\t\t<\/div>\n\t\t\t\t\t<\/div>\n\t\t\t\t<\/div>\n\t\t<div class=\"elementor-element elementor-element-eac2e97 e-flex e-con-boxed e-con e-parent\" data-id=\"eac2e97\" data-element_type=\"container\" data-e-type=\"container\">\n\t\t\t\t\t<div class=\"e-con-inner\">\n\t\t\t\t<div class=\"elementor-element elementor-element-16a3e1c elementor-widget elementor-widget-text-editor\" data-id=\"16a3e1c\" data-element_type=\"widget\" data-e-type=\"widget\" data-widget_type=\"text-editor.default\">\n\t\t\t\t<div class=\"elementor-widget-container\">\n\t\t\t\t\t\t\t\t\t<p>Hat es Sie schon wieder in den Fingern gejuckt? Kommen Sie mit Kilimanjaro Vikings auf <b>Tansania-Touren und Safari-Urlaub<\/b> und kehren Sie mit einer Tasche voller verr\u00fcckter Erinnerungen nach Hause zur\u00fcck, die Sie ein Leben lang sch\u00e4tzen werden. Wir sind Experten f\u00fcr die Organisation von Safaris zu den besten Orten in Tansania und dar\u00fcber hinaus. Wir schneiden jede Safari genau auf Ihre Bed\u00fcrfnisse zu und sorgen so f\u00fcr ein wirklich pers\u00f6nliches Erlebnis, nach dem Sie sich schon immer gesehnt haben.   <\/p>\n\t\t\t\t\t\t\t\t<\/div>\n\t\t\t\t<\/div>\n\t\t<div class=\"elementor-element elementor-element-b6ae6d6 e-con-full e-flex e-con e-child\" data-id=\"b6ae6d6\" data-element_type=\"container\" data-e-type=\"container\">\n\t\t<div class=\"elementor-element elementor-element-ba4f9ed e-con-full e-flex e-con e-child\" data-id=\"ba4f9ed\" data-element_type=\"container\" data-e-type=\"container\">\n\t\t<div class=\"elementor-element elementor-element-76af329 e-con-full e-flex e-con e-child\" data-id=\"76af329\" data-element_type=\"container\" data-e-type=\"container\" data-settings=\"{&quot;background_background&quot;:&quot;classic&quot;,&quot;position&quot;:&quot;absolute&quot;}\">\n\t\t\t\t<div class=\"elementor-element elementor-element-06f817d elementor-widget elementor-widget-heading\" data-id=\"06f817d\" data-element_type=\"widget\" data-e-type=\"widget\" data-widget_type=\"heading.default\">\n\t\t\t\t<div class=\"elementor-widget-container\">\n\t\t\t\t\t<h2 class=\"elementor-heading-title elementor-size-default\">\" Experience the Safari Magic &amp; Capture Lasting Moments\"<\/h2>\t\t\t\t<\/div>\n\t\t\t\t<\/div>\n\t\t\t\t<div class=\"elementor-element elementor-element-9efc3be elementor-widget elementor-widget-heading\" data-id=\"9efc3be\" data-element_type=\"widget\" data-e-type=\"widget\" data-widget_type=\"heading.default\">\n\t\t\t\t<div class=\"elementor-widget-container\">\n\t\t\t\t\t<h5 class=\"elementor-heading-title elementor-size-default\">KILI VIKINGS<\/h5>\t\t\t\t<\/div>\n\t\t\t\t<\/div>\n\t\t\t\t<\/div>\n\t\t\t\t<\/div>\n\t\t<div class=\"elementor-element elementor-element-ca7ce31 e-con-full e-flex e-con e-child\" data-id=\"ca7ce31\" data-element_type=\"container\" data-e-type=\"container\">\n\t\t\t\t<div class=\"elementor-element elementor-element-988ba89 elementor-widget elementor-widget-text-editor\" data-id=\"988ba89\" data-element_type=\"widget\" data-e-type=\"widget\" data-widget_type=\"text-editor.default\">\n\t\t\t\t<div class=\"elementor-widget-container\">\n\t\t\t\t\t\t\t\t\t<p>Ganz gleich, ob Sie auf der Suche nach einem ausgedehnten Safarierlebnis sind, das sich \u00fcber mehrere Tage erstreckt, oder ob Sie nur einen Tagesausflug machen m\u00f6chten, wir halten Sie auf dem Laufenden. Der Serengeti-Nationalpark und das Ngorongoro-Schutzgebiet sind eine sichere Wahl f\u00fcr mehrt\u00e4gige Safaris, w\u00e4hrend Sie f\u00fcr Tagessafaris den Mkomazi-Nationalpark, den Arusha-Nationalpark, den Tarangire-Nationalpark, den Lake Manyara-Nationalpark und mehr w\u00e4hlen k\u00f6nnen. <\/p>\n<p>Die <b>Wildsafari-Tagestour<\/b> beinhaltet eine Pirschfahrt, bei der Sie einige der erstaunlichsten Tierarten in ihrem nat\u00fcrlichen Lebensraum aus dem Komfort Ihres offenen 4\u00d74-Sportwagens beobachten k\u00f6nnen. Unsere Guides f\u00fchren Sie zu den Aussichtspunkten, von denen aus Sie die Wildtiere beobachten k\u00f6nnen, und sorgen dabei f\u00fcr Ihren Komfort und Ihre Sicherheit. Ein Abstecher zum Meserani Snake Park ist auf Anfrage ebenfalls m\u00f6glich.  <\/p>\n\t\t\t\t\t\t\t\t<\/div>\n\t\t\t\t<\/div>\n\t\t\t\t<\/div>\n\t\t\t\t<\/div>\n\t\t\t\t<div class=\"elementor-element elementor-element-b716e2d elementor-widget elementor-widget-text-editor\" data-id=\"b716e2d\" data-element_type=\"widget\" data-e-type=\"widget\" data-widget_type=\"text-editor.default\">\n\t\t\t\t<div class=\"elementor-widget-container\">\n\t\t\t\t\t\t\t\t\t<p>Wir f\u00fcgen den <b>besten Tansania-Safari-Touren<\/b> eine weitere Dimension hinzu, indem wir Sie in die lokale Kultur einf\u00fchren. Steigen Sie einfach an Bord einer Maasai-Dorf-Tagestour und erleben Sie, wie Mensch, Vieh und Wildtiere harmonisch koexistieren k\u00f6nnen. Werfen Sie einen Blick in die H\u00e4user der Massai, feiern Sie ihre einzigartigen Traditionen und tauchen Sie ein in ihre Ges\u00e4nge und T\u00e4nze &#8211; ein einzigartiges Erlebnis ist vorprogrammiert.  <\/p>\n<p>Die Abfahrtszeit und der Ort variieren je nach Safari. Eine Pirschfahrt und ein Picknick-Mittagessen sind jedoch fester Bestandteil aller <b>Safariparks in Tansania<\/b>, um das bestm\u00f6gliche Erlebnis zu gew\u00e4hrleisten. Typisch f\u00fcr alle unsere Touren ist, dass die Safaris all-inclusive sind. Im Preis ist alles enthalten, vom Transport bis zu den F\u00fchrern und dem Essen. Kontaktieren Sie uns fr\u00fchzeitig f\u00fcr weitere Details und rechtzeitige Buchungen.    <\/p>\n\t\t\t\t\t\t\t\t<\/div>\n\t\t\t\t<\/div>\n\t\t\t\t\t<\/div>\n\t\t\t\t<\/div>\n\t\t<div class=\"elementor-element elementor-element-7b4254a e-flex e-con-boxed e-con e-parent\" data-id=\"7b4254a\" data-element_type=\"container\" data-e-type=\"container\">\n\t\t\t\t\t<div class=\"e-con-inner\">\n\t\t\t\t<div class=\"elementor-element elementor-element-19b9c9b elementor-widget__width-initial elementor-widget elementor-widget-heading\" data-id=\"19b9c9b\" data-element_type=\"widget\" data-e-type=\"widget\" data-widget_type=\"heading.default\">\n\t\t\t\t<div class=\"elementor-widget-container\">\n\t\t\t\t\t<h2 class=\"elementor-heading-title elementor-size-default\">Zeitloser Tagesausflug auf dem Land von Tansania<\/h2>\t\t\t\t<\/div>\n\t\t\t\t<\/div>\n\t\t\t\t<div class=\"elementor-element elementor-element-a0529d8 elementor-widget__width-initial elementor-widget elementor-widget-text-editor\" data-id=\"a0529d8\" data-element_type=\"widget\" data-e-type=\"widget\" data-widget_type=\"text-editor.default\">\n\t\t\t\t<div class=\"elementor-widget-container\">\n\t\t\t\t\t\t\t\t\t<p>Tagesausfl\u00fcge sind eine ideale Erg\u00e4nzung zu Ihrem Aufenthalt in Tansania, um die Sch\u00f6nheit des Landes in kurzer Zeit zu entdecken.<\/p>\n\t\t\t\t\t\t\t\t<\/div>\n\t\t\t\t<\/div>\n\t\t<div class=\"elementor-element elementor-element-c9853ae e-con-full e-flex e-con e-child\" data-id=\"c9853ae\" data-element_type=\"container\" data-e-type=\"container\">\n\t\t<div class=\"elementor-element elementor-element-6a02980 e-con-full e-flex e-con e-child\" data-id=\"6a02980\" data-element_type=\"container\" data-e-type=\"container\" data-settings=\"{&quot;background_background&quot;:&quot;classic&quot;}\">\n\t\t<div class=\"elementor-element elementor-element-a70f560 e-con-full e-flex e-con e-child\" data-id=\"a70f560\" data-element_type=\"container\" data-e-type=\"container\">\n\t\t\t\t<div class=\"elementor-element elementor-element-8e98848 elementor-widget elementor-widget-heading\" data-id=\"8e98848\" data-element_type=\"widget\" data-e-type=\"widget\" data-widget_type=\"heading.default\">\n\t\t\t\t<div class=\"elementor-widget-container\">\n\t\t\t\t\t<h2 class=\"elementor-heading-title elementor-size-default\"><a href=\"https:\/\/kilivikings.com\/olduvai-gorge\/\">Olduvai-Schlucht<\/a><\/h2>\t\t\t\t<\/div>\n\t\t\t\t<\/div>\n\t\t\t\t<div class=\"elementor-element elementor-element-15d6067 elementor-widget elementor-widget-heading\" data-id=\"15d6067\" data-element_type=\"widget\" data-e-type=\"widget\" data-widget_type=\"heading.default\">\n\t\t\t\t<div class=\"elementor-widget-container\">\n\t\t\t\t\t<h5 class=\"elementor-heading-title elementor-size-default\"><a href=\"https:\/\/kilivikings.com\/olduvai-gorge\/\">DIE FR\u00dcHESTEN SCHRITTE DER MENSCHHEIT ZUR\u00dcCKVERFOLGEN<\/a><\/h5>\t\t\t\t<\/div>\n\t\t\t\t<\/div>\n\t\t\t\t<\/div>\n\t\t\t\t<\/div>\n\t\t<div class=\"elementor-element elementor-element-f95874c e-con-full e-flex e-con e-child\" data-id=\"f95874c\" data-element_type=\"container\" data-e-type=\"container\" data-settings=\"{&quot;background_background&quot;:&quot;classic&quot;}\">\n\t\t<div class=\"elementor-element elementor-element-bed500a e-con-full e-flex e-con e-child\" data-id=\"bed500a\" data-element_type=\"container\" data-e-type=\"container\">\n\t\t\t\t<div class=\"elementor-element elementor-element-45d6aa0 elementor-widget elementor-widget-heading\" data-id=\"45d6aa0\" data-element_type=\"widget\" data-e-type=\"widget\" data-widget_type=\"heading.default\">\n\t\t\t\t<div class=\"elementor-widget-container\">\n\t\t\t\t\t<h2 class=\"elementor-heading-title elementor-size-default\"><a href=\"https:\/\/kilivikings.com\/tribal-tours\/\">Stammesreisen<\/a><\/h2>\t\t\t\t<\/div>\n\t\t\t\t<\/div>\n\t\t\t\t<div class=\"elementor-element elementor-element-26c037b elementor-widget elementor-widget-heading\" data-id=\"26c037b\" data-element_type=\"widget\" data-e-type=\"widget\" data-widget_type=\"heading.default\">\n\t\t\t\t<div class=\"elementor-widget-container\">\n\t\t\t\t\t<h5 class=\"elementor-heading-title elementor-size-default\"><a href=\"https:\/\/kilivikings.com\/tribal-tours\/\">DEN REICHTUM DER STAMMESKULTUREN FEIERN<\/a><\/h5>\t\t\t\t<\/div>\n\t\t\t\t<\/div>\n\t\t\t\t<\/div>\n\t\t\t\t<\/div>\n\t\t\t\t<\/div>\n\t\t\t\t\t<\/div>\n\t\t\t\t<\/div>\n\t\t<div class=\"elementor-element elementor-element-9101432 e-con-full e-flex e-con e-parent\" data-id=\"9101432\" data-element_type=\"container\" data-e-type=\"container\">\n\t\t\t\t<div class=\"elementor-element elementor-element-a6f2599 elementor-widget elementor-widget-shortcode\" data-id=\"a6f2599\" data-element_type=\"widget\" data-e-type=\"widget\" data-widget_type=\"shortcode.default\">\n\t\t\t\t<div class=\"elementor-widget-container\">\n\t\t\t\t\t\t\t<div class=\"elementor-shortcode\"><\/div>\n\t\t\t\t\t\t<\/div>\n\t\t\t\t<\/div>\n\t\t\t\t<\/div>\n\t\t<div class=\"elementor-element elementor-element-9d5ce52 e-flex e-con-boxed e-con e-parent\" data-id=\"9d5ce52\" data-element_type=\"container\" data-e-type=\"container\" data-settings=\"{&quot;background_background&quot;:&quot;classic&quot;}\">\n\t\t\t\t\t<div class=\"e-con-inner\">\n\t\t\t\t<div class=\"elementor-element elementor-element-99ef8c0 elementor-widget__width-inherit elementor-widget elementor-widget-heading\" data-id=\"99ef8c0\" data-element_type=\"widget\" data-e-type=\"widget\" data-widget_type=\"heading.default\">\n\t\t\t\t<div class=\"elementor-widget-container\">\n\t\t\t\t\t<h2 class=\"elementor-heading-title elementor-size-default\">ICH M\u00d6CHTE ERKUNDEN<\/h2>\t\t\t\t<\/div>\n\t\t\t\t<\/div>\n\t\t\t\t<div class=\"elementor-element elementor-element-88887b1 elementor-widget__width-inherit elementor-widget elementor-widget-heading\" data-id=\"88887b1\" data-element_type=\"widget\" data-e-type=\"widget\" data-widget_type=\"heading.default\">\n\t\t\t\t<div class=\"elementor-widget-container\">\n\t\t\t\t\t<h2 class=\"elementor-heading-title elementor-size-default\">Tansania<\/h2>\t\t\t\t<\/div>\n\t\t\t\t<\/div>\n\t\t\t\t<div class=\"elementor-element elementor-element-94515f0 elementor-align-center elementor-widget elementor-widget-button\" data-id=\"94515f0\" data-element_type=\"widget\" data-e-type=\"widget\" data-widget_type=\"button.default\">\n\t\t\t\t<div class=\"elementor-widget-container\">\n\t\t\t\t\t\t\t\t\t<div class=\"elementor-button-wrapper\">\n\t\t\t\t\t<a class=\"elementor-button elementor-button-link elementor-size-sm\" href=\"#\">\n\t\t\t\t\t\t<span class=\"elementor-button-content-wrapper\">\n\t\t\t\t\t\t\t\t\t<span class=\"elementor-button-text\">Mehr entdecken<\/span>\n\t\t\t\t\t<\/span>\n\t\t\t\t\t<\/a>\n\t\t\t\t<\/div>\n\t\t\t\t\t\t\t\t<\/div>\n\t\t\t\t<\/div>\n\t\t\t\t\t<\/div>\n\t\t\t\t<\/div>\n\t\t<div class=\"elementor-element elementor-element-53aca36 e-con-full e-flex e-con e-parent\" data-id=\"53aca36\" data-element_type=\"container\" data-e-type=\"container\">\n\t\t\t\t<div class=\"elementor-element elementor-element-74b84ff elementor-widget elementor-widget-shortcode\" data-id=\"74b84ff\" data-element_type=\"widget\" data-e-type=\"widget\" data-widget_type=\"shortcode.default\">\n\t\t\t\t<div class=\"elementor-widget-container\">\n\t\t\t\t\t\t\t<div class=\"elementor-shortcode\"><\/div>\n\t\t\t\t\t\t<\/div>\n\t\t\t\t<\/div>\n\t\t\t\t<\/div>\n\t\t\t\t<\/div>\n\t\t","protected":false},"excerpt":{"rendered":"<p>Safari-Aufregung nur einen Klick entfernt Wildlife Safaris Tagesausfl\u00fcge &amp; Touren Hat es Sie schon wieder in den Fingern gejuckt? Kommen Sie mit Kilimanjaro Vikings auf Tansania-Touren und Safari-Urlaub und kehren Sie mit einer Tasche voller verr\u00fcckter Erinnerungen nach Hause zur\u00fcck, [&hellip;]<\/p>\n","protected":false},"author":1,"featured_media":0,"parent":0,"menu_order":0,"comment_status":"closed","ping_status":"closed","template":"elementor_header_footer","meta":{"footnotes":""},"class_list":["post-14071","page","type-page","status-publish","hentry"],"yoast_head":"<!-- This site is optimized with the Yoast SEO plugin v27.4 - https:\/\/yoast.com\/product\/yoast-seo-wordpress\/ -->\n<title>Tansania Safari Tagesausfl\u00fcge &amp; Kilimanjaro-Abenteuer<\/title>\n<meta name=\"description\" content=\"Entdecken Sie Tansania-Safari-Tagestouren mit fachkundigen F\u00fchrern. Kombinieren Sie Wildlife-Touren mit Kilimanjaro-Touren f\u00fcr das beste Abenteuer am Kilimanjaro, Tansania.\" \/>\n<meta name=\"robots\" content=\"index, follow, max-snippet:-1, max-image-preview:large, max-video-preview:-1\" \/>\n<link rel=\"canonical\" href=\"https:\/\/kilivikings.com\/de\/wildlife-safaris-day-trips-tours\/\" \/>\n<meta property=\"og:locale\" content=\"de_DE\" \/>\n<meta property=\"og:type\" content=\"article\" \/>\n<meta property=\"og:title\" content=\"Tansania Safari Tagesausfl\u00fcge &amp; Kilimanjaro-Abenteuer\" \/>\n<meta property=\"og:description\" content=\"Entdecken Sie Tansania-Safari-Tagestouren mit fachkundigen F\u00fchrern. Kombinieren Sie Wildlife-Touren mit Kilimanjaro-Touren f\u00fcr das beste Abenteuer am Kilimanjaro, Tansania.\" \/>\n<meta property=\"og:url\" content=\"https:\/\/kilivikings.com\/de\/wildlife-safaris-day-trips-tours\/\" \/>\n<meta property=\"og:site_name\" content=\"Kilivikings\" \/>\n<meta property=\"article:publisher\" content=\"https:\/\/www.facebook.com\/KilimanjaroVikings\" \/>\n<meta property=\"article:modified_time\" content=\"2026-02-22T11:26:27+00:00\" \/>\n<meta name=\"twitter:card\" content=\"summary_large_image\" \/>\n<meta name=\"twitter:site\" content=\"@kilivikings\" \/>\n<script type=\"application\/ld+json\" class=\"yoast-schema-graph\">{\"@context\":\"https:\\\/\\\/schema.org\",\"@graph\":[{\"@type\":\"WebPage\",\"@id\":\"https:\\\/\\\/kilivikings.com\\\/de\\\/wildlife-safaris-day-trips-tours\\\/\",\"url\":\"https:\\\/\\\/kilivikings.com\\\/de\\\/wildlife-safaris-day-trips-tours\\\/\",\"name\":\"Tansania Safari Tagesausfl\u00fcge & Kilimanjaro-Abenteuer\",\"isPartOf\":{\"@id\":\"https:\\\/\\\/kilivikings.com\\\/#website\"},\"datePublished\":\"2024-08-06T06:34:54+00:00\",\"dateModified\":\"2026-02-22T11:26:27+00:00\",\"description\":\"Entdecken Sie Tansania-Safari-Tagestouren mit fachkundigen F\u00fchrern. Kombinieren Sie Wildlife-Touren mit Kilimanjaro-Touren f\u00fcr das beste Abenteuer am Kilimanjaro, Tansania.\",\"breadcrumb\":{\"@id\":\"https:\\\/\\\/kilivikings.com\\\/de\\\/wildlife-safaris-day-trips-tours\\\/#breadcrumb\"},\"inLanguage\":\"de\",\"potentialAction\":[{\"@type\":\"ReadAction\",\"target\":[\"https:\\\/\\\/kilivikings.com\\\/de\\\/wildlife-safaris-day-trips-tours\\\/\"]}]},{\"@type\":\"BreadcrumbList\",\"@id\":\"https:\\\/\\\/kilivikings.com\\\/de\\\/wildlife-safaris-day-trips-tours\\\/#breadcrumb\",\"itemListElement\":[{\"@type\":\"ListItem\",\"position\":1,\"name\":\"Home\",\"item\":\"https:\\\/\\\/kilivikings.com\\\/de\\\/startseite\\\/\"},{\"@type\":\"ListItem\",\"position\":2,\"name\":\"Wildlife safaris day Trips &amp; tours\"}]},{\"@type\":\"WebSite\",\"@id\":\"https:\\\/\\\/kilivikings.com\\\/#website\",\"url\":\"https:\\\/\\\/kilivikings.com\\\/\",\"name\":\"Kilivikings\",\"description\":\"My WordPress Blog\",\"publisher\":{\"@id\":\"https:\\\/\\\/kilivikings.com\\\/#organization\"},\"potentialAction\":[{\"@type\":\"SearchAction\",\"target\":{\"@type\":\"EntryPoint\",\"urlTemplate\":\"https:\\\/\\\/kilivikings.com\\\/?s={search_term_string}\"},\"query-input\":{\"@type\":\"PropertyValueSpecification\",\"valueRequired\":true,\"valueName\":\"search_term_string\"}}],\"inLanguage\":\"de\"},{\"@type\":\"Organization\",\"@id\":\"https:\\\/\\\/kilivikings.com\\\/#organization\",\"name\":\"Kilivikings\",\"url\":\"https:\\\/\\\/kilivikings.com\\\/\",\"logo\":{\"@type\":\"ImageObject\",\"inLanguage\":\"de\",\"@id\":\"https:\\\/\\\/kilivikings.com\\\/#\\\/schema\\\/logo\\\/image\\\/\",\"url\":\"https:\\\/\\\/kilivikings.com\\\/wp-content\\\/uploads\\\/2025\\\/12\\\/logo-1.png\",\"contentUrl\":\"https:\\\/\\\/kilivikings.com\\\/wp-content\\\/uploads\\\/2025\\\/12\\\/logo-1.png\",\"width\":110,\"height\":108,\"caption\":\"Kilivikings\"},\"image\":{\"@id\":\"https:\\\/\\\/kilivikings.com\\\/#\\\/schema\\\/logo\\\/image\\\/\"},\"sameAs\":[\"https:\\\/\\\/www.facebook.com\\\/KilimanjaroVikings\",\"https:\\\/\\\/x.com\\\/kilivikings\",\"https:\\\/\\\/www.instagram.com\\\/kilimanjaro_vikings\\\/\",\"https:\\\/\\\/www.linkedin.com\\\/company\\\/kilimanjaro-vikings-limited\"]}]}<\/script>\n<!-- \/ Yoast SEO plugin. -->","yoast_head_json":{"title":"Tansania Safari Tagesausfl\u00fcge & Kilimanjaro-Abenteuer","description":"Entdecken Sie Tansania-Safari-Tagestouren mit fachkundigen F\u00fchrern. Kombinieren Sie Wildlife-Touren mit Kilimanjaro-Touren f\u00fcr das beste Abenteuer am Kilimanjaro, Tansania.","robots":{"index":"index","follow":"follow","max-snippet":"max-snippet:-1","max-image-preview":"max-image-preview:large","max-video-preview":"max-video-preview:-1"},"canonical":"https:\/\/kilivikings.com\/de\/wildlife-safaris-day-trips-tours\/","og_locale":"de_DE","og_type":"article","og_title":"Tansania Safari Tagesausfl\u00fcge & Kilimanjaro-Abenteuer","og_description":"Entdecken Sie Tansania-Safari-Tagestouren mit fachkundigen F\u00fchrern. Kombinieren Sie Wildlife-Touren mit Kilimanjaro-Touren f\u00fcr das beste Abenteuer am Kilimanjaro, Tansania.","og_url":"https:\/\/kilivikings.com\/de\/wildlife-safaris-day-trips-tours\/","og_site_name":"Kilivikings","article_publisher":"https:\/\/www.facebook.com\/KilimanjaroVikings","article_modified_time":"2026-02-22T11:26:27+00:00","twitter_card":"summary_large_image","twitter_site":"@kilivikings","schema":{"@context":"https:\/\/schema.org","@graph":[{"@type":"WebPage","@id":"https:\/\/kilivikings.com\/de\/wildlife-safaris-day-trips-tours\/","url":"https:\/\/kilivikings.com\/de\/wildlife-safaris-day-trips-tours\/","name":"Tansania Safari Tagesausfl\u00fcge & Kilimanjaro-Abenteuer","isPartOf":{"@id":"https:\/\/kilivikings.com\/#website"},"datePublished":"2024-08-06T06:34:54+00:00","dateModified":"2026-02-22T11:26:27+00:00","description":"Entdecken Sie Tansania-Safari-Tagestouren mit fachkundigen F\u00fchrern. Kombinieren Sie Wildlife-Touren mit Kilimanjaro-Touren f\u00fcr das beste Abenteuer am Kilimanjaro, Tansania.","breadcrumb":{"@id":"https:\/\/kilivikings.com\/de\/wildlife-safaris-day-trips-tours\/#breadcrumb"},"inLanguage":"de","potentialAction":[{"@type":"ReadAction","target":["https:\/\/kilivikings.com\/de\/wildlife-safaris-day-trips-tours\/"]}]},{"@type":"BreadcrumbList","@id":"https:\/\/kilivikings.com\/de\/wildlife-safaris-day-trips-tours\/#breadcrumb","itemListElement":[{"@type":"ListItem","position":1,"name":"Home","item":"https:\/\/kilivikings.com\/de\/startseite\/"},{"@type":"ListItem","position":2,"name":"Wildlife safaris day Trips &amp; tours"}]},{"@type":"WebSite","@id":"https:\/\/kilivikings.com\/#website","url":"https:\/\/kilivikings.com\/","name":"Kilivikings","description":"My WordPress Blog","publisher":{"@id":"https:\/\/kilivikings.com\/#organization"},"potentialAction":[{"@type":"SearchAction","target":{"@type":"EntryPoint","urlTemplate":"https:\/\/kilivikings.com\/?s={search_term_string}"},"query-input":{"@type":"PropertyValueSpecification","valueRequired":true,"valueName":"search_term_string"}}],"inLanguage":"de"},{"@type":"Organization","@id":"https:\/\/kilivikings.com\/#organization","name":"Kilivikings","url":"https:\/\/kilivikings.com\/","logo":{"@type":"ImageObject","inLanguage":"de","@id":"https:\/\/kilivikings.com\/#\/schema\/logo\/image\/","url":"https:\/\/kilivikings.com\/wp-content\/uploads\/2025\/12\/logo-1.png","contentUrl":"https:\/\/kilivikings.com\/wp-content\/uploads\/2025\/12\/logo-1.png","width":110,"height":108,"caption":"Kilivikings"},"image":{"@id":"https:\/\/kilivikings.com\/#\/schema\/logo\/image\/"},"sameAs":["https:\/\/www.facebook.com\/KilimanjaroVikings","https:\/\/x.com\/kilivikings","https:\/\/www.instagram.com\/kilimanjaro_vikings\/","https:\/\/www.linkedin.com\/company\/kilimanjaro-vikings-limited"]}]}},"jetpack_shortlink":"https:\/\/wp.me\/PgfkU3-3EX","jetpack-related-posts":[],"jetpack_sharing_enabled":true,"jetpack_likes_enabled":true,"_links":{"self":[{"href":"https:\/\/kilivikings.com\/de\/wp-json\/wp\/v2\/pages\/14071","targetHints":{"allow":["GET"]}}],"collection":[{"href":"https:\/\/kilivikings.com\/de\/wp-json\/wp\/v2\/pages"}],"about":[{"href":"https:\/\/kilivikings.com\/de\/wp-json\/wp\/v2\/types\/page"}],"author":[{"embeddable":true,"href":"https:\/\/kilivikings.com\/de\/wp-json\/wp\/v2\/users\/1"}],"replies":[{"embeddable":true,"href":"https:\/\/kilivikings.com\/de\/wp-json\/wp\/v2\/comments?post=14071"}],"version-history":[{"count":0,"href":"https:\/\/kilivikings.com\/de\/wp-json\/wp\/v2\/pages\/14071\/revisions"}],"wp:attachment":[{"href":"https:\/\/kilivikings.com\/de\/wp-json\/wp\/v2\/media?parent=14071"}],"curies":[{"name":"wp","href":"https:\/\/api.w.org\/{rel}","templated":true}]}}