{"id":14077,"date":"2024-08-05T13:43:54","date_gmt":"2024-08-05T13:43:54","guid":{"rendered":"https:\/\/kilivikings.com\/olduvai-schlucht\/"},"modified":"2026-01-09T09:24:35","modified_gmt":"2026-01-09T09:24:35","slug":"olduvai-schlucht","status":"publish","type":"page","link":"https:\/\/kilivikings.com\/de\/olduvai-schlucht\/","title":{"rendered":"Olduvai-Schlucht"},"content":{"rendered":"\t\t<div data-elementor-type=\"wp-page\" data-elementor-id=\"14077\" class=\"elementor elementor-14077 elementor-8715\" data-elementor-post-type=\"page\">\n\t\t\t\t<div class=\"elementor-element elementor-element-3ddf4d6 e-flex e-con-boxed e-con e-parent\" data-id=\"3ddf4d6\" data-element_type=\"container\" data-e-type=\"container\" data-settings=\"{&quot;background_background&quot;:&quot;classic&quot;}\">\n\t\t\t\t\t<div class=\"e-con-inner\">\n\t\t\t\t<div class=\"elementor-element elementor-element-dfcc37e elementor-widget elementor-widget-heading\" data-id=\"dfcc37e\" data-element_type=\"widget\" data-e-type=\"widget\" data-widget_type=\"heading.default\">\n\t\t\t\t<div class=\"elementor-widget-container\">\n\t\t\t\t\t<h2 class=\"elementor-heading-title elementor-size-default\">Trace Humanity's Earliest Steps<\/h2>\t\t\t\t<\/div>\n\t\t\t\t<\/div>\n\t\t\t\t<div class=\"elementor-element elementor-element-a061628 elementor-widget__width-initial elementor-widget elementor-widget-heading\" data-id=\"a061628\" data-element_type=\"widget\" data-e-type=\"widget\" data-widget_type=\"heading.default\">\n\t\t\t\t<div class=\"elementor-widget-container\">\n\t\t\t\t\t<h1 class=\"elementor-heading-title elementor-size-default\">Olduvai-Schlucht<\/h1>\t\t\t\t<\/div>\n\t\t\t\t<\/div>\n\t\t\t\t\t<\/div>\n\t\t\t\t<\/div>\n\t\t<div class=\"elementor-element elementor-element-eac2e97 e-flex e-con-boxed e-con e-parent\" data-id=\"eac2e97\" data-element_type=\"container\" data-e-type=\"container\">\n\t\t\t\t\t<div class=\"e-con-inner\">\n\t\t\t\t<div class=\"elementor-element elementor-element-16a3e1c elementor-widget elementor-widget-text-editor\" data-id=\"16a3e1c\" data-element_type=\"widget\" data-e-type=\"widget\" data-widget_type=\"text-editor.default\">\n\t\t\t\t<div class=\"elementor-widget-container\">\n\t\t\t\t\t\t\t\t\t<p>One of the most important historical sites, Olduvai Gorge is the \u2018cradle of humankind\u2019 in Tanzania. This renowned site contains very old human fossils that help us learn how early humans lived and changed. Formed by natural forces thousands of years ago, the gorge presents many earth layers, each narrating unique stories from our ancient past.  <\/p>\n\t\t\t\t\t\t\t\t<\/div>\n\t\t\t\t<\/div>\n\t\t<div class=\"elementor-element elementor-element-b6ae6d6 e-con-full e-flex e-con e-child\" data-id=\"b6ae6d6\" data-element_type=\"container\" data-e-type=\"container\">\n\t\t<div class=\"elementor-element elementor-element-ba4f9ed e-con-full e-flex e-con e-child\" data-id=\"ba4f9ed\" data-element_type=\"container\" data-e-type=\"container\">\n\t\t<div class=\"elementor-element elementor-element-76af329 e-con-full e-flex e-con e-child\" data-id=\"76af329\" data-element_type=\"container\" data-e-type=\"container\" data-settings=\"{&quot;background_background&quot;:&quot;classic&quot;,&quot;position&quot;:&quot;absolute&quot;}\">\n\t\t\t\t<div class=\"elementor-element elementor-element-06f817d elementor-widget elementor-widget-heading\" data-id=\"06f817d\" data-element_type=\"widget\" data-e-type=\"widget\" data-widget_type=\"heading.default\">\n\t\t\t\t<div class=\"elementor-widget-container\">\n\t\t\t\t\t<h2 class=\"elementor-heading-title elementor-size-default\">\u201cWalk through Olduvai Gorge and witness the layers of time where humanity first found its footing.\u201d<\/h2>\t\t\t\t<\/div>\n\t\t\t\t<\/div>\n\t\t\t\t<div class=\"elementor-element elementor-element-9efc3be elementor-widget elementor-widget-heading\" data-id=\"9efc3be\" data-element_type=\"widget\" data-e-type=\"widget\" data-widget_type=\"heading.default\">\n\t\t\t\t<div class=\"elementor-widget-container\">\n\t\t\t\t\t<h5 class=\"elementor-heading-title elementor-size-default\">KILI VIKINGS<\/h5>\t\t\t\t<\/div>\n\t\t\t\t<\/div>\n\t\t\t\t<\/div>\n\t\t\t\t<\/div>\n\t\t<div class=\"elementor-element elementor-element-ca7ce31 e-con-full e-flex e-con e-child\" data-id=\"ca7ce31\" data-element_type=\"container\" data-e-type=\"container\">\n\t\t\t\t<div class=\"elementor-element elementor-element-988ba89 elementor-widget elementor-widget-text-editor\" data-id=\"988ba89\" data-element_type=\"widget\" data-e-type=\"widget\" data-widget_type=\"text-editor.default\">\n\t\t\t\t<div class=\"elementor-widget-container\">\n\t\t\t\t\t\t\t\t\t<p>Visiting Olduvai Gorge on Tanzania Safaris is essential for understanding early humans. In the 1950s, explorers Mary and Louis Leakey uncovered important fossils that reshaped our knowledge of human history. Their discoveries reveal how humanity evolved over millions of years. These findings make this site a great historical archive and illustrate the evolutionary steps of our ancestors.   <\/p>\n\t\t\t\t\t\t\t\t<\/div>\n\t\t\t\t<\/div>\n\t\t\t\t<\/div>\n\t\t\t\t<\/div>\n\t\t\t\t<div class=\"elementor-element elementor-element-b716e2d elementor-widget elementor-widget-text-editor\" data-id=\"b716e2d\" data-element_type=\"widget\" data-e-type=\"widget\" data-widget_type=\"text-editor.default\">\n\t\t\t\t<div class=\"elementor-widget-container\">\n\t\t\t\t\t\t\t\t\t<p>Come see the wonders of Olduvai Gorge with <strong>Kili Vikings<\/strong>:<\/p>\n<ul>\n<li>Visit the museum overlooking the gorge, filled with fascinating discoveries.<\/li>\n<li>Take guided tours to active archaeological sites still being excavated.<\/li>\n<li>Learn directly from researchers about the secrets they&#8217;re uncovering.<\/li>\n<\/ul>\n<p>At Olduvai Gorge, every artefact and fossil share a piece of our history. We invite you to uncover these stories in a place where humanity\u2019s earliest chapters were written. <\/p>\n\t\t\t\t\t\t\t\t<\/div>\n\t\t\t\t<\/div>\n\t\t\t\t\t<\/div>\n\t\t\t\t<\/div>\n\t\t<div class=\"elementor-element elementor-element-9d5ce52 e-con-full e-flex e-con e-parent\" data-id=\"9d5ce52\" data-element_type=\"container\" data-e-type=\"container\" data-settings=\"{&quot;background_background&quot;:&quot;classic&quot;}\">\n\t\t\t\t<div class=\"elementor-element elementor-element-99ef8c0 elementor-widget__width-inherit elementor-widget elementor-widget-heading\" data-id=\"99ef8c0\" data-element_type=\"widget\" data-e-type=\"widget\" data-widget_type=\"heading.default\">\n\t\t\t\t<div class=\"elementor-widget-container\">\n\t\t\t\t\t<h2 class=\"elementor-heading-title elementor-size-default\">MAGIE ERLEBEN IN <\/h2>\t\t\t\t<\/div>\n\t\t\t\t<\/div>\n\t\t\t\t<div class=\"elementor-element elementor-element-88887b1 elementor-widget__width-inherit elementor-widget elementor-widget-heading\" data-id=\"88887b1\" data-element_type=\"widget\" data-e-type=\"widget\" data-widget_type=\"heading.default\">\n\t\t\t\t<div class=\"elementor-widget-container\">\n\t\t\t\t\t<h2 class=\"elementor-heading-title elementor-size-default\">Tansania<\/h2>\t\t\t\t<\/div>\n\t\t\t\t<\/div>\n\t\t\t\t<div class=\"elementor-element elementor-element-94515f0 elementor-align-center elementor-widget elementor-widget-button\" data-id=\"94515f0\" data-element_type=\"widget\" data-e-type=\"widget\" data-widget_type=\"button.default\">\n\t\t\t\t<div class=\"elementor-widget-container\">\n\t\t\t\t\t\t\t\t\t<div class=\"elementor-button-wrapper\">\n\t\t\t\t\t<a class=\"elementor-button elementor-button-link elementor-size-sm\" href=\"#\">\n\t\t\t\t\t\t<span class=\"elementor-button-content-wrapper\">\n\t\t\t\t\t\t\t\t\t<span class=\"elementor-button-text\">Mehr entdecken<\/span>\n\t\t\t\t\t<\/span>\n\t\t\t\t\t<\/a>\n\t\t\t\t<\/div>\n\t\t\t\t\t\t\t\t<\/div>\n\t\t\t\t<\/div>\n\t\t\t\t<\/div>\n\t\t<div class=\"elementor-element elementor-element-509fe2c e-con-full e-flex e-con e-parent\" data-id=\"509fe2c\" data-element_type=\"container\" data-e-type=\"container\">\n\t\t\t\t<div class=\"elementor-element elementor-element-65743bf elementor-widget elementor-widget-shortcode\" data-id=\"65743bf\" data-element_type=\"widget\" data-e-type=\"widget\" data-widget_type=\"shortcode.default\">\n\t\t\t\t<div class=\"elementor-widget-container\">\n\t\t\t\t\t\t\t<div class=\"elementor-shortcode\"><\/div>\n\t\t\t\t\t\t<\/div>\n\t\t\t\t<\/div>\n\t\t\t\t<\/div>\n\t\t<div class=\"elementor-element elementor-element-49b46d7 e-flex e-con-boxed e-con e-parent\" data-id=\"49b46d7\" data-element_type=\"container\" data-e-type=\"container\">\n\t\t\t\t\t<div class=\"e-con-inner\">\n\t\t\t\t<div class=\"elementor-element elementor-element-9d678b7 elementor-widget__width-initial elementor-widget elementor-widget-heading\" data-id=\"9d678b7\" data-element_type=\"widget\" data-e-type=\"widget\" data-widget_type=\"heading.default\">\n\t\t\t\t<div class=\"elementor-widget-container\">\n\t\t\t\t\t<h2 class=\"elementor-heading-title elementor-size-default\">Zeitloser Tagesausflug auf dem Land von Tansania<\/h2>\t\t\t\t<\/div>\n\t\t\t\t<\/div>\n\t\t\t\t<div class=\"elementor-element elementor-element-c6b64a2 elementor-widget__width-initial elementor-widget elementor-widget-text-editor\" data-id=\"c6b64a2\" data-element_type=\"widget\" data-e-type=\"widget\" data-widget_type=\"text-editor.default\">\n\t\t\t\t<div class=\"elementor-widget-container\">\n\t\t\t\t\t\t\t\t\t<p>Tagesausfl\u00fcge sind eine ideale Erg\u00e4nzung zu Ihrem Aufenthalt in Tansania, um die Sch\u00f6nheit des Landes in kurzer Zeit zu entdecken.<\/p>\n\t\t\t\t\t\t\t\t<\/div>\n\t\t\t\t<\/div>\n\t\t<div class=\"elementor-element elementor-element-7a110e4 e-con-full e-flex e-con e-child\" data-id=\"7a110e4\" data-element_type=\"container\" data-e-type=\"container\">\n\t\t<div class=\"elementor-element elementor-element-52b8d5d e-con-full e-flex e-con e-child\" data-id=\"52b8d5d\" data-element_type=\"container\" data-e-type=\"container\" data-settings=\"{&quot;background_background&quot;:&quot;classic&quot;}\">\n\t\t<div class=\"elementor-element elementor-element-f874cfa e-con-full e-flex e-con e-child\" data-id=\"f874cfa\" data-element_type=\"container\" data-e-type=\"container\">\n\t\t\t\t<div class=\"elementor-element elementor-element-b1f7103 elementor-widget elementor-widget-heading\" data-id=\"b1f7103\" data-element_type=\"widget\" data-e-type=\"widget\" data-widget_type=\"heading.default\">\n\t\t\t\t<div class=\"elementor-widget-container\">\n\t\t\t\t\t<h2 class=\"elementor-heading-title elementor-size-default\"><a href=\"https:\/\/kilivikings.com\/olduvai-gorge\/\">Olduvai-Schlucht<\/a><\/h2>\t\t\t\t<\/div>\n\t\t\t\t<\/div>\n\t\t\t\t<div class=\"elementor-element elementor-element-0898188 elementor-widget elementor-widget-heading\" data-id=\"0898188\" data-element_type=\"widget\" data-e-type=\"widget\" data-widget_type=\"heading.default\">\n\t\t\t\t<div class=\"elementor-widget-container\">\n\t\t\t\t\t<h5 class=\"elementor-heading-title elementor-size-default\"><a href=\"https:\/\/kilivikings.com\/olduvai-gorge\/\">DIE FR\u00dcHESTEN SCHRITTE DER MENSCHHEIT ZUR\u00dcCKVERFOLGEN<\/a><\/h5>\t\t\t\t<\/div>\n\t\t\t\t<\/div>\n\t\t\t\t<\/div>\n\t\t\t\t<\/div>\n\t\t<div class=\"elementor-element elementor-element-7ddc2b8 e-con-full e-flex e-con e-child\" data-id=\"7ddc2b8\" data-element_type=\"container\" data-e-type=\"container\" data-settings=\"{&quot;background_background&quot;:&quot;classic&quot;}\">\n\t\t<div class=\"elementor-element elementor-element-eaf67d3 e-con-full e-flex e-con e-child\" data-id=\"eaf67d3\" data-element_type=\"container\" data-e-type=\"container\">\n\t\t\t\t<div class=\"elementor-element elementor-element-7ed29fd elementor-widget elementor-widget-heading\" data-id=\"7ed29fd\" data-element_type=\"widget\" data-e-type=\"widget\" data-widget_type=\"heading.default\">\n\t\t\t\t<div class=\"elementor-widget-container\">\n\t\t\t\t\t<h2 class=\"elementor-heading-title elementor-size-default\"><a href=\"https:\/\/kilivikings.com\/tribal-tours\/\">Stammesreisen<\/a><\/h2>\t\t\t\t<\/div>\n\t\t\t\t<\/div>\n\t\t\t\t<div class=\"elementor-element elementor-element-1685750 elementor-widget elementor-widget-heading\" data-id=\"1685750\" data-element_type=\"widget\" data-e-type=\"widget\" data-widget_type=\"heading.default\">\n\t\t\t\t<div class=\"elementor-widget-container\">\n\t\t\t\t\t<h5 class=\"elementor-heading-title elementor-size-default\"><a href=\"https:\/\/kilivikings.com\/tribal-tours\/\">DEN REICHTUM DER STAMMESKULTUREN FEIERN<\/a><\/h5>\t\t\t\t<\/div>\n\t\t\t\t<\/div>\n\t\t\t\t<\/div>\n\t\t\t\t<\/div>\n\t\t\t\t<\/div>\n\t\t\t\t\t<\/div>\n\t\t\t\t<\/div>\n\t\t<div class=\"elementor-element elementor-element-219bc53 e-con-full e-flex e-con e-parent\" data-id=\"219bc53\" data-element_type=\"container\" data-e-type=\"container\">\n\t\t\t\t<div class=\"elementor-element elementor-element-132bcbc elementor-widget elementor-widget-shortcode\" data-id=\"132bcbc\" data-element_type=\"widget\" data-e-type=\"widget\" data-widget_type=\"shortcode.default\">\n\t\t\t\t<div class=\"elementor-widget-container\">\n\t\t\t\t\t\t\t<div class=\"elementor-shortcode\"><\/div>\n\t\t\t\t\t\t<\/div>\n\t\t\t\t<\/div>\n\t\t\t\t<\/div>\n\t\t\t\t<\/div>\n\t\t","protected":false},"excerpt":{"rendered":"<p>Trace Humanity&#8217;s Earliest Steps Olduvai-Schlucht One of the most important historical sites, Olduvai Gorge is the \u2018cradle of humankind\u2019 in Tanzania. This renowned site contains very old human fossils that help us learn how early humans lived and changed. Formed [&hellip;]<\/p>\n","protected":false},"author":1,"featured_media":0,"parent":0,"menu_order":0,"comment_status":"closed","ping_status":"closed","template":"elementor_header_footer","meta":{"footnotes":""},"class_list":["post-14077","page","type-page","status-publish","hentry"],"yoast_head":"<!-- This site is optimized with the Yoast SEO plugin v27.6 - https:\/\/yoast.com\/product\/yoast-seo-wordpress\/ -->\n<title>Olduvai-Schlucht - Kilivikings<\/title>\n<meta name=\"description\" content=\"Explore Olduvai Gorge with Kilivikings, Tanzania\u2019s \u2018cradle of humankind,\u2019 and discover ancient fossils, guided tours, and human history insights.\" \/>\n<meta name=\"robots\" content=\"index, follow, max-snippet:-1, max-image-preview:large, max-video-preview:-1\" \/>\n<link rel=\"canonical\" href=\"https:\/\/kilivikings.com\/de\/olduvai-schlucht\/\" \/>\n<meta property=\"og:locale\" content=\"de_DE\" \/>\n<meta property=\"og:type\" content=\"article\" \/>\n<meta property=\"og:title\" content=\"Olduvai-Schlucht - Kilivikings\" \/>\n<meta property=\"og:description\" content=\"Explore Olduvai Gorge with Kilivikings, Tanzania\u2019s \u2018cradle of humankind,\u2019 and discover ancient fossils, guided tours, and human history insights.\" \/>\n<meta property=\"og:url\" content=\"https:\/\/kilivikings.com\/de\/olduvai-schlucht\/\" \/>\n<meta property=\"og:site_name\" content=\"Kilivikings\" \/>\n<meta property=\"article:publisher\" content=\"https:\/\/www.facebook.com\/KilimanjaroVikings\" \/>\n<meta property=\"article:modified_time\" content=\"2026-01-09T09:24:35+00:00\" \/>\n<meta name=\"twitter:card\" content=\"summary_large_image\" \/>\n<meta name=\"twitter:site\" content=\"@kilivikings\" \/>\n<script type=\"application\/ld+json\" class=\"yoast-schema-graph\">{\"@context\":\"https:\\\/\\\/schema.org\",\"@graph\":[{\"@type\":\"WebPage\",\"@id\":\"https:\\\/\\\/kilivikings.com\\\/de\\\/olduvai-schlucht\\\/\",\"url\":\"https:\\\/\\\/kilivikings.com\\\/de\\\/olduvai-schlucht\\\/\",\"name\":\"Olduvai-Schlucht - Kilivikings\",\"isPartOf\":{\"@id\":\"https:\\\/\\\/kilivikings.com\\\/#website\"},\"datePublished\":\"2024-08-05T13:43:54+00:00\",\"dateModified\":\"2026-01-09T09:24:35+00:00\",\"description\":\"Explore Olduvai Gorge with Kilivikings, Tanzania\u2019s \u2018cradle of humankind,\u2019 and discover ancient fossils, guided tours, and human history insights.\",\"breadcrumb\":{\"@id\":\"https:\\\/\\\/kilivikings.com\\\/de\\\/olduvai-schlucht\\\/#breadcrumb\"},\"inLanguage\":\"de\",\"potentialAction\":[{\"@type\":\"ReadAction\",\"target\":[\"https:\\\/\\\/kilivikings.com\\\/de\\\/olduvai-schlucht\\\/\"]}]},{\"@type\":\"BreadcrumbList\",\"@id\":\"https:\\\/\\\/kilivikings.com\\\/de\\\/olduvai-schlucht\\\/#breadcrumb\",\"itemListElement\":[{\"@type\":\"ListItem\",\"position\":1,\"name\":\"Home\",\"item\":\"https:\\\/\\\/kilivikings.com\\\/de\\\/startseite\\\/\"},{\"@type\":\"ListItem\",\"position\":2,\"name\":\"Olduvai-Schlucht\"}]},{\"@type\":\"WebSite\",\"@id\":\"https:\\\/\\\/kilivikings.com\\\/#website\",\"url\":\"https:\\\/\\\/kilivikings.com\\\/\",\"name\":\"Kilivikings\",\"description\":\"My WordPress Blog\",\"publisher\":{\"@id\":\"https:\\\/\\\/kilivikings.com\\\/#organization\"},\"potentialAction\":[{\"@type\":\"SearchAction\",\"target\":{\"@type\":\"EntryPoint\",\"urlTemplate\":\"https:\\\/\\\/kilivikings.com\\\/?s={search_term_string}\"},\"query-input\":{\"@type\":\"PropertyValueSpecification\",\"valueRequired\":true,\"valueName\":\"search_term_string\"}}],\"inLanguage\":\"de\"},{\"@type\":\"Organization\",\"@id\":\"https:\\\/\\\/kilivikings.com\\\/#organization\",\"name\":\"Kilivikings\",\"url\":\"https:\\\/\\\/kilivikings.com\\\/\",\"logo\":{\"@type\":\"ImageObject\",\"inLanguage\":\"de\",\"@id\":\"https:\\\/\\\/kilivikings.com\\\/#\\\/schema\\\/logo\\\/image\\\/\",\"url\":\"https:\\\/\\\/kilivikings.com\\\/wp-content\\\/uploads\\\/2025\\\/12\\\/logo-1.png\",\"contentUrl\":\"https:\\\/\\\/kilivikings.com\\\/wp-content\\\/uploads\\\/2025\\\/12\\\/logo-1.png\",\"width\":110,\"height\":108,\"caption\":\"Kilivikings\"},\"image\":{\"@id\":\"https:\\\/\\\/kilivikings.com\\\/#\\\/schema\\\/logo\\\/image\\\/\"},\"sameAs\":[\"https:\\\/\\\/www.facebook.com\\\/KilimanjaroVikings\",\"https:\\\/\\\/x.com\\\/kilivikings\",\"https:\\\/\\\/www.instagram.com\\\/kilimanjaro_vikings\\\/\",\"https:\\\/\\\/www.linkedin.com\\\/company\\\/kilimanjaro-vikings-limited\"]}]}<\/script>\n<!-- \/ Yoast SEO plugin. -->","yoast_head_json":{"title":"Olduvai-Schlucht - Kilivikings","description":"Explore Olduvai Gorge with Kilivikings, Tanzania\u2019s \u2018cradle of humankind,\u2019 and discover ancient fossils, guided tours, and human history insights.","robots":{"index":"index","follow":"follow","max-snippet":"max-snippet:-1","max-image-preview":"max-image-preview:large","max-video-preview":"max-video-preview:-1"},"canonical":"https:\/\/kilivikings.com\/de\/olduvai-schlucht\/","og_locale":"de_DE","og_type":"article","og_title":"Olduvai-Schlucht - Kilivikings","og_description":"Explore Olduvai Gorge with Kilivikings, Tanzania\u2019s \u2018cradle of humankind,\u2019 and discover ancient fossils, guided tours, and human history insights.","og_url":"https:\/\/kilivikings.com\/de\/olduvai-schlucht\/","og_site_name":"Kilivikings","article_publisher":"https:\/\/www.facebook.com\/KilimanjaroVikings","article_modified_time":"2026-01-09T09:24:35+00:00","twitter_card":"summary_large_image","twitter_site":"@kilivikings","schema":{"@context":"https:\/\/schema.org","@graph":[{"@type":"WebPage","@id":"https:\/\/kilivikings.com\/de\/olduvai-schlucht\/","url":"https:\/\/kilivikings.com\/de\/olduvai-schlucht\/","name":"Olduvai-Schlucht - Kilivikings","isPartOf":{"@id":"https:\/\/kilivikings.com\/#website"},"datePublished":"2024-08-05T13:43:54+00:00","dateModified":"2026-01-09T09:24:35+00:00","description":"Explore Olduvai Gorge with Kilivikings, Tanzania\u2019s \u2018cradle of humankind,\u2019 and discover ancient fossils, guided tours, and human history insights.","breadcrumb":{"@id":"https:\/\/kilivikings.com\/de\/olduvai-schlucht\/#breadcrumb"},"inLanguage":"de","potentialAction":[{"@type":"ReadAction","target":["https:\/\/kilivikings.com\/de\/olduvai-schlucht\/"]}]},{"@type":"BreadcrumbList","@id":"https:\/\/kilivikings.com\/de\/olduvai-schlucht\/#breadcrumb","itemListElement":[{"@type":"ListItem","position":1,"name":"Home","item":"https:\/\/kilivikings.com\/de\/startseite\/"},{"@type":"ListItem","position":2,"name":"Olduvai-Schlucht"}]},{"@type":"WebSite","@id":"https:\/\/kilivikings.com\/#website","url":"https:\/\/kilivikings.com\/","name":"Kilivikings","description":"My WordPress Blog","publisher":{"@id":"https:\/\/kilivikings.com\/#organization"},"potentialAction":[{"@type":"SearchAction","target":{"@type":"EntryPoint","urlTemplate":"https:\/\/kilivikings.com\/?s={search_term_string}"},"query-input":{"@type":"PropertyValueSpecification","valueRequired":true,"valueName":"search_term_string"}}],"inLanguage":"de"},{"@type":"Organization","@id":"https:\/\/kilivikings.com\/#organization","name":"Kilivikings","url":"https:\/\/kilivikings.com\/","logo":{"@type":"ImageObject","inLanguage":"de","@id":"https:\/\/kilivikings.com\/#\/schema\/logo\/image\/","url":"https:\/\/kilivikings.com\/wp-content\/uploads\/2025\/12\/logo-1.png","contentUrl":"https:\/\/kilivikings.com\/wp-content\/uploads\/2025\/12\/logo-1.png","width":110,"height":108,"caption":"Kilivikings"},"image":{"@id":"https:\/\/kilivikings.com\/#\/schema\/logo\/image\/"},"sameAs":["https:\/\/www.facebook.com\/KilimanjaroVikings","https:\/\/x.com\/kilivikings","https:\/\/www.instagram.com\/kilimanjaro_vikings\/","https:\/\/www.linkedin.com\/company\/kilimanjaro-vikings-limited"]}]}},"jetpack_shortlink":"https:\/\/wp.me\/PgfkU3-3F3","jetpack-related-posts":[],"jetpack_sharing_enabled":true,"jetpack_likes_enabled":true,"_links":{"self":[{"href":"https:\/\/kilivikings.com\/de\/wp-json\/wp\/v2\/pages\/14077","targetHints":{"allow":["GET"]}}],"collection":[{"href":"https:\/\/kilivikings.com\/de\/wp-json\/wp\/v2\/pages"}],"about":[{"href":"https:\/\/kilivikings.com\/de\/wp-json\/wp\/v2\/types\/page"}],"author":[{"embeddable":true,"href":"https:\/\/kilivikings.com\/de\/wp-json\/wp\/v2\/users\/1"}],"replies":[{"embeddable":true,"href":"https:\/\/kilivikings.com\/de\/wp-json\/wp\/v2\/comments?post=14077"}],"version-history":[{"count":0,"href":"https:\/\/kilivikings.com\/de\/wp-json\/wp\/v2\/pages\/14077\/revisions"}],"wp:attachment":[{"href":"https:\/\/kilivikings.com\/de\/wp-json\/wp\/v2\/media?parent=14077"}],"curies":[{"name":"wp","href":"https:\/\/api.w.org\/{rel}","templated":true}]}}